{"id":800,"date":"2016-01-08T10:53:48","date_gmt":"2016-01-08T09:53:48","guid":{"rendered":"http:\/\/www.nitsche-farben.de\/web\/?page_id=800"},"modified":"2026-04-16T15:04:04","modified_gmt":"2026-04-16T13:04:04","slug":"karriere","status":"publish","type":"page","link":"https:\/\/www.nitsche-farben.de\/web\/karriere\/","title":{"rendered":"Karriere"},"content":{"rendered":"<section class=\"no-margin  \" style=\"background-position: 50% 50%; \" ><div class=\"container\"><div class=\"section-overlay\" style=\"background-color: rgba( 0, 0, 0,  );  background-image: url(  );\"><\/div><div class=\"row\" style=\"\">[vc_column][vc_column_text]Die Nitsche Farben GmbH &amp; Co. KG bietet immer wieder Ausbildungspl\u00e4tze an, mit denen du den perfekten Einstieg in deinen beruflichen Werdegang findest. Wir freuen uns schon jetzt auf deine aussagekr\u00e4ftige Bewerbung.[\/vc_column_text][vc_custom_heading text=&#8220;Kaufm\u00e4nnische Ausbildungsberufe&#8220; google_fonts=&#8220;font_family:Hind%3A300%2Cregular%2C500%2C600%2C700|font_style:400%20regular%3A400%3Anormal&#8220;][vc_tta_accordion][vc_tta_section title=&#8220;Kaufmann\/-frau f\u00fcr Gro\u00df- und Au\u00dfenhandelsmanagement (Fachrichtung: Gro\u00dfhandel) (m\/w\/d)&#8220; tab_id=&#8220;1454161450088-045e89d0-306a&#8220;][vc_column_text]<strong>Deine Aufgabe:<\/strong><\/p>\n<p class=\"isSelectedEnd\">Als Kaufmann\/-frau im Gro\u00df- und Au\u00dfenhandelsmanagement \u00fcbernimmst du vielf\u00e4ltige Aufgaben entlang der gesamten betrieblichen Wertsch\u00f6pfungskette. Du unterst\u00fctzt Unternehmensprozesse aus betriebswirtschaftlicher Sicht \u2013 von der Auftragsanbahnung \u00fcber die Abwicklung bis hin zur Betreuung der Kunden nach Abschluss des Auftrags.<\/p>\n<p class=\"isSelectedEnd\">Dabei analysierst du Angebot und Nachfrage, vergleichst Preise sowie Produktqualit\u00e4ten und wirkst bei der Kalkulation von Ein- und Verkaufspreisen mit. Zus\u00e4tzlich lernst du logistische Abl\u00e4ufe kennen und unterst\u00fctzt bei der Kommissionierung von Waren.<\/p>\n<p>Zu deinen Aufgaben geh\u00f6ren au\u00dferdem die Pr\u00fcfung von Rechnungen und die \u00dcberwachung von Zahlungseing\u00e4ngen. Du stehst im direkten Kontakt mit Kunden, beantwortest Anfragen und ber\u00e4tst kompetent \u2013 telefonisch, per E-Mail oder pers\u00f6nlich. Auch die Bearbeitung von Reklamationen geh\u00f6rt zu deinem Verantwortungsbereich.<\/p>\n<p><strong>Ausbildungsdauer:<\/strong><\/p>\n<p>3 Jahre \u2013 Verk\u00fcrzung der Ausbildungszeit m\u00f6glich<\/p>\n<p><strong>Berufsschule:<\/strong><\/p>\n<p>Ist abh\u00e4ngig vom Wohnort des Auszubildenden<\/p>\n<p><strong>Voraussetzungen:<\/strong><\/p>\n<ul>\n<li>Realschulabschluss oder Abitur (Fachabitur H\u00f6here Handelsschule)<\/li>\n<li>Handwerkliches Geschick und technisches Verst\u00e4ndnis<\/li>\n<li>Organisationstalent<\/li>\n<li>Logisches Denkverm\u00f6gen<\/li>\n<li>Solides Grundwissen in Mathematik und Deutsch<\/li>\n<li>EDV-Kenntnisse<\/li>\n<li>Pr\u00e4zise und verantwortungsbewusste Arbeitsweise<\/li>\n<li>Kontakt- und teamf\u00e4hig<\/li>\n<\/ul>\n<p>[\/vc_column_text][\/vc_tta_section][vc_tta_section title=&#8220;Duales Studium (Schwerpunkt: BWL\/ Handel) (m\/w\/d)&#8220; tab_id=&#8220;1771242305588-6b605320-e1d9&#8243;][vc_column_text]<\/p>\n<p class=\"isSelectedEnd\"><strong>Deine Aufgaben:<\/strong><br \/>\nIm dualen Studium mit dem Schwerpunkt Handel\/BWL unterst\u00fctzt du aktiv betriebswirtschaftliche Prozesse im Unternehmen. Du wirkst bei der Planung und Steuerung von Einkaufs- und Verkaufsabl\u00e4ufen mit, analysieren Markt- und Preisentwicklungen und erstellst betriebswirtschaftliche Auswertungen.<\/p>\n<p class=\"isSelectedEnd\">Zudem betreust du Kunden, bearbeitest Anfragen und begleitest Auftr\u00e4ge von der Angebotserstellung bis zur Abwicklung. Auch die Bearbeitung von Reklamationen sowie die Optimierung interner Abl\u00e4ufe geh\u00f6ren zu deinem Aufgabenbereich.<\/p>\n<p>Die Theoriephasen finden an der jeweiligen Partnerhochschule bzw. Berufsakademie statt und wechseln sich regelm\u00e4\u00dfig mit den Praxisphasen im Unternehmen ab. Durch die Kombination aus Theorie und Praxis erwirbst du umfassende Kenntnisse \u00fcber wirtschaftliche Zusammenh\u00e4nge im Handel.<\/p>\n<p class=\"isSelectedEnd\"><strong>Studiendauer:<\/strong><br \/>\nIn der Regel 3 Jahre (6 Semester) im Wechsel zwischen Theoriephasen an der Hochschule und Praxisphasen im Unternehmen.<\/p>\n<p><strong>Hochschule\/ Universit\u00e4t:<\/strong><br \/>\nDie passende Hochschule\/ Universit\u00e4t ist frei w\u00e4hlbar.<\/p>\n<p class=\"isSelectedEnd\"><strong>Voraussetzungen:<\/strong><\/p>\n<ul data-spread=\"false\">\n<li>\n<p class=\"isSelectedEnd\">Allgemeine Hochschulreife oder Fachhochschulreife<\/p>\n<\/li>\n<li>\n<p class=\"isSelectedEnd\">Interesse an wirtschaftlichen Zusammenh\u00e4ngen und am Handel<\/p>\n<\/li>\n<li>\n<p class=\"isSelectedEnd\">Analytisches Denkverm\u00f6gen und Organisationstalent<\/p>\n<\/li>\n<li>\n<p class=\"isSelectedEnd\">Gute Kenntnisse in Mathematik und Deutsch<\/p>\n<\/li>\n<li>Teamf\u00e4higkeit, Kommunikationsst\u00e4rke und Eigeninitiative<\/li>\n<\/ul>\n<p>[\/vc_column_text][\/vc_tta_section][\/vc_tta_accordion][\/vc_column]<\/div><\/div><\/section>\n","protected":false},"excerpt":{"rendered":"[vc_column][vc_column_text]Die Nitsche Farben GmbH &amp; Co. KG bietet immer wieder Ausbildungspl\u00e4tze an, mit denen du den perfekten Einstieg in deinen beruflichen Werdegang findest. Wir freuen uns schon jetzt auf deine aussagekr\u00e4ftige Bewerbung.[\/vc_column_text][vc_custom_heading text=\"Kaufm\u00e4nnische Ausbildungsberufe\" google_fonts=\"font_family:Hind%3A300%2Cregular%2C500%2C600%2C700|font_style:400%20regular%3A400%3Anormal\"][vc_tta_accordion][vc_tta_section title=\"Kaufmann\/-frau f\u00fcr Gro\u00df- und Au\u00dfenhandelsmanagement (Fachrichtung: Gro\u00dfhandel) (m\/w\/d)\" tab_id=\"1454161450088-045e89d0-306a\"][vc_column_text]Deine Aufgabe: Als Kaufmann\/-frau im Gro\u00df- und Au\u00dfenhandelsmanagement \u00fcbernimmst du vielf\u00e4ltige Aufgaben [...]","protected":false},"author":1,"featured_media":1160,"parent":0,"menu_order":0,"comment_status":"closed","ping_status":"closed","template":"","meta":[],"yoast_head":"<!-- This site is optimized with the Yoast SEO plugin v19.14 - https:\/\/yoast.com\/wordpress\/plugins\/seo\/ -->\n<title>Karriere &ndash; Nitsche Farben<\/title>\n<meta name=\"description\" content=\"Die Nitsche Farben GmbH ist ein Gro\u00dfhandelshaus f\u00fcr Farben, Lacke, Bodenbeschichtungen, Grundierungen, Spachtelmassen, Kleber, Bodenbel\u00e4ge und vieles mehr. Wie bieten Kataloge, Magazine und Downloads auf unserer Internetseite an. Informieren Sie sich \u00fcber unser Sortiment und Karriere-Chancen.\" \/>\n<meta name=\"robots\" content=\"index, follow, max-snippet:-1, max-image-preview:large, max-video-preview:-1\" \/>\n<link rel=\"canonical\" href=\"https:\/\/www.nitsche-farben.de\/web\/karriere\/\" \/>\n<meta property=\"og:locale\" content=\"de_DE\" \/>\n<meta property=\"og:type\" content=\"article\" \/>\n<meta property=\"og:title\" content=\"Karriere &ndash; Nitsche Farben\" \/>\n<meta property=\"og:description\" content=\"Die Nitsche Farben GmbH ist ein Gro\u00dfhandelshaus f\u00fcr Farben, Lacke, Bodenbeschichtungen, Grundierungen, Spachtelmassen, Kleber, Bodenbel\u00e4ge und vieles mehr. Wie bieten Kataloge, Magazine und Downloads auf unserer Internetseite an. Informieren Sie sich \u00fcber unser Sortiment und Karriere-Chancen.\" \/>\n<meta property=\"og:url\" content=\"https:\/\/www.nitsche-farben.de\/web\/karriere\/\" \/>\n<meta property=\"og:site_name\" content=\"Nitsche Farben\" \/>\n<meta property=\"article:modified_time\" content=\"2026-04-16T13:04:04+00:00\" \/>\n<meta property=\"og:image\" content=\"https:\/\/www.nitsche-farben.de\/web\/wp-content\/uploads\/2016\/02\/karriere.jpg\" \/>\n\t<meta property=\"og:image:width\" content=\"848\" \/>\n\t<meta property=\"og:image:height\" content=\"568\" \/>\n\t<meta property=\"og:image:type\" content=\"image\/jpeg\" \/>\n<meta name=\"twitter:card\" content=\"summary_large_image\" \/>\n<meta name=\"twitter:label1\" content=\"Gesch\u00e4tzte Lesezeit\" \/>\n\t<meta name=\"twitter:data1\" content=\"3\u00a0Minuten\" \/>\n<script type=\"application\/ld+json\" class=\"yoast-schema-graph\">{\"@context\":\"https:\/\/schema.org\",\"@graph\":[{\"@type\":\"WebPage\",\"@id\":\"https:\/\/www.nitsche-farben.de\/web\/karriere\/\",\"url\":\"https:\/\/www.nitsche-farben.de\/web\/karriere\/\",\"name\":\"Karriere &ndash; Nitsche Farben\",\"isPartOf\":{\"@id\":\"https:\/\/www.nitsche-farben.de\/web\/#website\"},\"datePublished\":\"2016-01-08T09:53:48+00:00\",\"dateModified\":\"2026-04-16T13:04:04+00:00\",\"description\":\"Die Nitsche Farben GmbH ist ein Gro\u00dfhandelshaus f\u00fcr Farben, Lacke, Bodenbeschichtungen, Grundierungen, Spachtelmassen, Kleber, Bodenbel\u00e4ge und vieles mehr. Wie bieten Kataloge, Magazine und Downloads auf unserer Internetseite an. Informieren Sie sich \u00fcber unser Sortiment und Karriere-Chancen.\",\"breadcrumb\":{\"@id\":\"https:\/\/www.nitsche-farben.de\/web\/karriere\/#breadcrumb\"},\"inLanguage\":\"de\",\"potentialAction\":[{\"@type\":\"ReadAction\",\"target\":[\"https:\/\/www.nitsche-farben.de\/web\/karriere\/\"]}]},{\"@type\":\"BreadcrumbList\",\"@id\":\"https:\/\/www.nitsche-farben.de\/web\/karriere\/#breadcrumb\",\"itemListElement\":[{\"@type\":\"ListItem\",\"position\":1,\"name\":\"Home\",\"item\":\"https:\/\/www.nitsche-farben.de\/web\/\"},{\"@type\":\"ListItem\",\"position\":2,\"name\":\"Karriere\"}]},{\"@type\":\"WebSite\",\"@id\":\"https:\/\/www.nitsche-farben.de\/web\/#website\",\"url\":\"https:\/\/www.nitsche-farben.de\/web\/\",\"name\":\"Nitsche Farben\",\"description\":\"Herzlich willkommen\",\"publisher\":{\"@id\":\"https:\/\/www.nitsche-farben.de\/web\/#organization\"},\"potentialAction\":[{\"@type\":\"SearchAction\",\"target\":{\"@type\":\"EntryPoint\",\"urlTemplate\":\"https:\/\/www.nitsche-farben.de\/web\/?s={search_term_string}\"},\"query-input\":\"required name=search_term_string\"}],\"inLanguage\":\"de\"},{\"@type\":\"Organization\",\"@id\":\"https:\/\/www.nitsche-farben.de\/web\/#organization\",\"name\":\"Nitsche Farben GmbH & Co. KG\",\"url\":\"https:\/\/www.nitsche-farben.de\/web\/\",\"logo\":{\"@type\":\"ImageObject\",\"inLanguage\":\"de\",\"@id\":\"https:\/\/www.nitsche-farben.de\/web\/#\/schema\/logo\/image\/\",\"url\":\"https:\/\/www.nitsche-farben.de\/web\/wp-content\/uploads\/2015\/12\/logo2.png\",\"contentUrl\":\"https:\/\/www.nitsche-farben.de\/web\/wp-content\/uploads\/2015\/12\/logo2.png\",\"width\":1000,\"height\":282,\"caption\":\"Nitsche Farben GmbH & Co. KG\"},\"image\":{\"@id\":\"https:\/\/www.nitsche-farben.de\/web\/#\/schema\/logo\/image\/\"}}]}<\/script>\n<!-- \/ Yoast SEO plugin. -->","yoast_head_json":{"title":"Karriere &ndash; Nitsche Farben","description":"Die Nitsche Farben GmbH ist ein Gro\u00dfhandelshaus f\u00fcr Farben, Lacke, Bodenbeschichtungen, Grundierungen, Spachtelmassen, Kleber, Bodenbel\u00e4ge und vieles mehr. Wie bieten Kataloge, Magazine und Downloads auf unserer Internetseite an. Informieren Sie sich \u00fcber unser Sortiment und Karriere-Chancen.","robots":{"index":"index","follow":"follow","max-snippet":"max-snippet:-1","max-image-preview":"max-image-preview:large","max-video-preview":"max-video-preview:-1"},"canonical":"https:\/\/www.nitsche-farben.de\/web\/karriere\/","og_locale":"de_DE","og_type":"article","og_title":"Karriere &ndash; Nitsche Farben","og_description":"Die Nitsche Farben GmbH ist ein Gro\u00dfhandelshaus f\u00fcr Farben, Lacke, Bodenbeschichtungen, Grundierungen, Spachtelmassen, Kleber, Bodenbel\u00e4ge und vieles mehr. Wie bieten Kataloge, Magazine und Downloads auf unserer Internetseite an. Informieren Sie sich \u00fcber unser Sortiment und Karriere-Chancen.","og_url":"https:\/\/www.nitsche-farben.de\/web\/karriere\/","og_site_name":"Nitsche Farben","article_modified_time":"2026-04-16T13:04:04+00:00","og_image":[{"width":848,"height":568,"url":"https:\/\/www.nitsche-farben.de\/web\/wp-content\/uploads\/2016\/02\/karriere.jpg","type":"image\/jpeg"}],"twitter_card":"summary_large_image","twitter_misc":{"Gesch\u00e4tzte Lesezeit":"3\u00a0Minuten"},"schema":{"@context":"https:\/\/schema.org","@graph":[{"@type":"WebPage","@id":"https:\/\/www.nitsche-farben.de\/web\/karriere\/","url":"https:\/\/www.nitsche-farben.de\/web\/karriere\/","name":"Karriere &ndash; Nitsche Farben","isPartOf":{"@id":"https:\/\/www.nitsche-farben.de\/web\/#website"},"datePublished":"2016-01-08T09:53:48+00:00","dateModified":"2026-04-16T13:04:04+00:00","description":"Die Nitsche Farben GmbH ist ein Gro\u00dfhandelshaus f\u00fcr Farben, Lacke, Bodenbeschichtungen, Grundierungen, Spachtelmassen, Kleber, Bodenbel\u00e4ge und vieles mehr. Wie bieten Kataloge, Magazine und Downloads auf unserer Internetseite an. Informieren Sie sich \u00fcber unser Sortiment und Karriere-Chancen.","breadcrumb":{"@id":"https:\/\/www.nitsche-farben.de\/web\/karriere\/#breadcrumb"},"inLanguage":"de","potentialAction":[{"@type":"ReadAction","target":["https:\/\/www.nitsche-farben.de\/web\/karriere\/"]}]},{"@type":"BreadcrumbList","@id":"https:\/\/www.nitsche-farben.de\/web\/karriere\/#breadcrumb","itemListElement":[{"@type":"ListItem","position":1,"name":"Home","item":"https:\/\/www.nitsche-farben.de\/web\/"},{"@type":"ListItem","position":2,"name":"Karriere"}]},{"@type":"WebSite","@id":"https:\/\/www.nitsche-farben.de\/web\/#website","url":"https:\/\/www.nitsche-farben.de\/web\/","name":"Nitsche Farben","description":"Herzlich willkommen","publisher":{"@id":"https:\/\/www.nitsche-farben.de\/web\/#organization"},"potentialAction":[{"@type":"SearchAction","target":{"@type":"EntryPoint","urlTemplate":"https:\/\/www.nitsche-farben.de\/web\/?s={search_term_string}"},"query-input":"required name=search_term_string"}],"inLanguage":"de"},{"@type":"Organization","@id":"https:\/\/www.nitsche-farben.de\/web\/#organization","name":"Nitsche Farben GmbH & Co. KG","url":"https:\/\/www.nitsche-farben.de\/web\/","logo":{"@type":"ImageObject","inLanguage":"de","@id":"https:\/\/www.nitsche-farben.de\/web\/#\/schema\/logo\/image\/","url":"https:\/\/www.nitsche-farben.de\/web\/wp-content\/uploads\/2015\/12\/logo2.png","contentUrl":"https:\/\/www.nitsche-farben.de\/web\/wp-content\/uploads\/2015\/12\/logo2.png","width":1000,"height":282,"caption":"Nitsche Farben GmbH & Co. KG"},"image":{"@id":"https:\/\/www.nitsche-farben.de\/web\/#\/schema\/logo\/image\/"}}]}},"_links":{"self":[{"href":"https:\/\/www.nitsche-farben.de\/web\/wp-json\/wp\/v2\/pages\/800"}],"collection":[{"href":"https:\/\/www.nitsche-farben.de\/web\/wp-json\/wp\/v2\/pages"}],"about":[{"href":"https:\/\/www.nitsche-farben.de\/web\/wp-json\/wp\/v2\/types\/page"}],"author":[{"embeddable":true,"href":"https:\/\/www.nitsche-farben.de\/web\/wp-json\/wp\/v2\/users\/1"}],"replies":[{"embeddable":true,"href":"https:\/\/www.nitsche-farben.de\/web\/wp-json\/wp\/v2\/comments?post=800"}],"version-history":[{"count":20,"href":"https:\/\/www.nitsche-farben.de\/web\/wp-json\/wp\/v2\/pages\/800\/revisions"}],"predecessor-version":[{"id":3042,"href":"https:\/\/www.nitsche-farben.de\/web\/wp-json\/wp\/v2\/pages\/800\/revisions\/3042"}],"wp:featuredmedia":[{"embeddable":true,"href":"https:\/\/www.nitsche-farben.de\/web\/wp-json\/wp\/v2\/media\/1160"}],"wp:attachment":[{"href":"https:\/\/www.nitsche-farben.de\/web\/wp-json\/wp\/v2\/media?parent=800"}],"curies":[{"name":"wp","href":"https:\/\/api.w.org\/{rel}","templated":true}]}}