{"id":797,"date":"2016-01-08T10:49:30","date_gmt":"2016-01-08T09:49:30","guid":{"rendered":"http:\/\/www.nitsche-farben.de\/web\/?page_id=797"},"modified":"2026-04-16T15:01:54","modified_gmt":"2026-04-16T13:01:54","slug":"downloads-nitsche","status":"publish","type":"page","link":"https:\/\/www.nitsche-farben.de\/web\/downloads-nitsche\/","title":{"rendered":"Downloads"},"content":{"rendered":"<section class=\"no-margin  \" style=\"background-position: 50% 50%; \" ><div class=\"container\"><div class=\"section-overlay\" style=\"background-color: rgba( 0, 0, 0,  );  background-image: url(  );\"><\/div><div class=\"row\" style=\"\">[vc_column][vc_column_text]<strong>Willkommen in unserem Downloadbereich.<\/strong><\/p>\n<p><span style=\"color: #008000;\"><a style=\"color: #008000;\" href=\"http:\/\/www.nitsche-farben.de\/web\/wp-content\/uploads\/2016\/01\/Wochenzettel.pdf\" target=\"_blank\" rel=\"noopener\">Download Wochenzettel<\/a><\/span><\/p>\n<p><strong>Teamviewer:<\/strong><\/p>\n<p><a href=\"https:\/\/get.teamviewer.com\/7x8xu92\" target=\"_blank\" rel=\"noopener\">Teamviewer nutzen<\/a><\/p>\n<p><strong>E-Kollektionen:<\/strong><\/p>\n<p><a href=\"https:\/\/www.nitsche-farben.de\/web\/wp-content\/uploads\/2026\/03\/Aktuelle-Volltreffer-2026-E-Kollektion-PDF.pdf\" target=\"_blank\" rel=\"noopener\">Tapetenkarte Aktuelle Volltreffer 2026<\/a><\/p>\n<p><a href=\"https:\/\/www.nitsche-farben.de\/web\/wp-content\/uploads\/2026\/04\/E-Kollektion-Trendvlies-2028.pdf\" target=\"_blank\" rel=\"noopener\">Tapetenkarte Setta Trendvlies 2028<\/a><\/p>\n<p><strong>Pflegeanleitungen:<\/strong><\/p>\n<p><span style=\"color: #008000;\"><a style=\"color: #008000;\" href=\"https:\/\/www.nitsche-farben.de\/web\/wp-content\/uploads\/2025\/11\/Pflegeanleitung-PF.pdf\" target=\"_blank\" rel=\"noopener\">Project Floors<\/a><\/span><\/p>\n<p><span style=\"color: #008000;\"><a style=\"color: #008000;\" href=\"http:\/\/www.nitsche-farben.de\/web\/wp-content\/uploads\/2016\/01\/RZ_Vinyl_PVC_CV_ohne_werkseitige_Verguetung.pdf\" target=\"_blank\" rel=\"noopener\">RZ-Chemie: Vinyl (PVC), CV ohne werkseitige Verg\u00fctung<\/a><\/span><\/p>\n<p><strong>Technische Merkbl\u00e4tter:<\/strong><\/p>\n<p><span style=\"color: #008000;\"><a href=\"https:\/\/www.nitsche-farben.de\/web\/wp-content\/uploads\/2018\/07\/BranthoKorrux-3in1-TechnM.pdf\" target=\"_blank\" rel=\"noopener\">Brantho-Korrux 3in1<\/a><\/span><\/p>\n<p><span style=\"color: #008000;\"><a style=\"color: #008000;\" href=\"http:\/\/www.nitsche-farben.de\/web\/wp-content\/uploads\/2016\/01\/TM-Condor-Acryl-Tiefgrund-LF.pdf\">Condor: Acryl Tiefgrund LF<\/a><\/span><\/p>\n<p><span style=\"color: #008000;\"><a href=\"https:\/\/www.nitsche-farben.de\/web\/wp-content\/uploads\/2025\/06\/TM-Condor-Bodenfarbe.pdf\">Condor: Bodenfarbe<\/a><\/span><\/p>\n<p><span style=\"color: #008000;\"><a style=\"color: #008000;\" href=\"https:\/\/www.nitsche-farben.de\/web\/wp-content\/uploads\/2022\/01\/TM-Condor-Diamantwei\u00df.pdf\" target=\"_blank\" rel=\"noopener\">Condor: Diamantwei\u00df<\/a><\/span><\/p>\n<p><span style=\"color: #008000;\"><a href=\"https:\/\/www.nitsche-farben.de\/web\/wp-content\/uploads\/2018\/07\/TM-Condor-Einschichtfarbe.pdf\" target=\"_blank\" rel=\"noopener\">Condor: Einschichtfarbe<\/a><\/span><\/p>\n<p><span style=\"color: #008000;\"><a style=\"color: #008000;\" href=\"http:\/\/www.nitsche-farben.de\/web\/wp-content\/uploads\/2016\/01\/TM-Condor-FASSADENFARBE.pdf\">Condor: Fassadenfarbe<\/a><\/span><\/p>\n<p><span style=\"color: #008000;\"><a style=\"color: #008000;\" href=\"http:\/\/www.nitsche-farben.de\/web\/wp-content\/uploads\/2016\/01\/TM-Condor-FEUCHTRAUMFARBE.pdf\">Condor: Feuchtraumfarbe<\/a><\/span><\/p>\n<p><span style=\"color: #008000;\"><a style=\"color: #008000;\" href=\"http:\/\/www.nitsche-farben.de\/web\/wp-content\/uploads\/2016\/01\/TM-Condor-GEWEBEKLEBER-LF.pdf\">Condor: Gewebekleber LF<\/a><\/span><\/p>\n<p><a href=\"https:\/\/www.nitsche-farben.de\/web\/wp-content\/uploads\/2016\/01\/TM-Condor-Grundierfarbe.pdf\" target=\"_blank\" rel=\"noopener\">Condor: WP Grundierfarbe LF<\/a><\/p>\n<p><span style=\"color: #008000;\"><a style=\"color: #008000;\" href=\"http:\/\/www.nitsche-farben.de\/web\/wp-content\/uploads\/2016\/01\/TM-Condor-GRUNDIERKONZENTRAT-LF.pdf\">Condor: Grundierkonzentrat LF<\/a><\/span><\/p>\n<p><a href=\"https:\/\/www.nitsche-farben.de\/web\/wp-content\/uploads\/2022\/04\/TM-Condor-Housepaint.pdf\" target=\"_blank\" rel=\"noopener\">Condor: Housepaint\u00a0<\/a><\/p>\n<p><span style=\"color: #008000;\"><a href=\"http:\/\/www.nitsche-farben.de\/web\/wp-content\/uploads\/2016\/01\/TM-Condor-Hydrosol-Grundiergel-LF.pdf\" target=\"_blank\" rel=\"noopener\">Condor: Hydrosol Grundiergel LF<\/a><\/span><\/p>\n<p><span style=\"color: #008000;\"><a style=\"color: #008000;\" href=\"http:\/\/www.nitsche-farben.de\/web\/wp-content\/uploads\/2016\/01\/TM-Condor-HYDROSOL-GRUNDFESTIGER-LF.pdf\">Condor: Hydrosol Grundfestiger LF<\/a><\/span><\/p>\n<p><span style=\"color: #008000;\"><a style=\"color: #008000;\" href=\"http:\/\/www.nitsche-farben.de\/web\/wp-content\/uploads\/2016\/01\/TM-Condor-INNENLATEX.pdf\">Condor: Innenlatex<\/a><\/span><\/p>\n<p><span style=\"color: #008000;\"><a style=\"color: #008000;\" href=\"http:\/\/www.nitsche-farben.de\/web\/wp-content\/uploads\/2016\/01\/TM-Condor-Innenwei\u00df.pdf\">Condor: Innenwei\u00df<\/a><\/span><\/p>\n<p><span style=\"color: #008000;\"><a style=\"color: #008000;\" href=\"http:\/\/www.nitsche-farben.de\/web\/wp-content\/uploads\/2016\/01\/TM-Condor-Iso-Grund.pdf\">Condor: Iso-Grund<\/a><\/span><\/p>\n<p><span style=\"color: #008000;\"><a href=\"https:\/\/www.nitsche-farben.de\/web\/wp-content\/uploads\/2016\/01\/TM-Condor-Kalkfarbe.pdf\" target=\"_blank\" rel=\"noopener\">Condor: Kalkfarbe<\/a><\/span><\/p>\n<p><span style=\"color: #008000;\"><a style=\"color: #008000;\" href=\"http:\/\/www.nitsche-farben.de\/web\/wp-content\/uploads\/2016\/01\/TM-Condor-LATEXFARBE-MATT-E.L.F.pdf\">Condor: Latexfarbe Matt E.L.F.<\/a><\/span><\/p>\n<p><span style=\"color: #008000;\"><a href=\"https:\/\/www.nitsche-farben.de\/web\/wp-content\/uploads\/2025\/05\/TM-Condor-Lehmfarbe.pdf\">Condor: Lehmfarbe<\/a><\/span><\/p>\n<p><span style=\"color: #008000;\"><a style=\"color: #008000;\" href=\"http:\/\/www.nitsche-farben.de\/web\/wp-content\/uploads\/2016\/01\/TM-Condor-MALERWEISS.pdf\">Condor: Malerwei\u00df<\/a><\/span><\/p>\n<p><a href=\"https:\/\/www.nitsche-farben.de\/web\/wp-content\/uploads\/2020\/06\/TM-Condor-Rauhfaserfarbe-KW.pdf\" target=\"_blank\" rel=\"noopener\">Condor: Rauhfaserfarbe KW<\/a><\/p>\n<p><span style=\"color: #008000;\"><a style=\"color: #008000;\" href=\"http:\/\/www.nitsche-farben.de\/web\/wp-content\/uploads\/2016\/01\/TM-Condor-Rissgrund-Compact.pdf\">Condor: Rissgrund Compact<\/a><\/span><\/p>\n<p><span style=\"color: #008000;\"><a href=\"https:\/\/www.nitsche-farben.de\/web\/wp-content\/uploads\/2023\/03\/TM-Condor-Schimmel-und-Algen-HighTech-4.0.pdf\" target=\"_blank\" rel=\"noopener\">Condor: Schimmel &amp; Algen HighTech 4.0<\/a><\/span><\/p>\n<p><span style=\"color: #008000;\"><a style=\"color: #008000;\" href=\"http:\/\/www.nitsche-farben.de\/web\/wp-content\/uploads\/2016\/01\/TM-Condor-Schnellrenovierfarbe-Aqua-.pdf\">Condor: Schnellrenovierfarbe &#8211; Aqua<\/a><\/span><\/p>\n<p><span style=\"color: #008000;\"><a style=\"color: #008000;\" href=\"http:\/\/www.nitsche-farben.de\/web\/wp-content\/uploads\/2016\/01\/TM-Condor-SILICON-FASSADENFARBE-NEU.pdf\" target=\"_blank\" rel=\"noopener\">Condor: Silicon-Fassadenfarbe A+F<\/a><\/span><\/p>\n<p><span style=\"color: #008000;\"><a style=\"color: #008000;\" href=\"http:\/\/www.nitsche-farben.de\/web\/wp-content\/uploads\/2016\/01\/TM-Condor-SILICON-GRUNDFESTIGER-LF.pdf\">Condor: Silicon Grundfestiger LF<\/a><\/span><\/p>\n<p><span style=\"color: #008000;\"><a style=\"color: #008000;\" href=\"http:\/\/www.nitsche-farben.de\/web\/wp-content\/uploads\/2016\/01\/TM-Condor-Silicon-Grundierfarbe.pdf\">Condor: Silicon Grundierfarbe<\/a><\/span><\/p>\n<p><span style=\"color: #008000;\"><a style=\"color: #008000;\" href=\"http:\/\/www.nitsche-farben.de\/web\/wp-content\/uploads\/2016\/01\/TM-Condor-SILIKAT-GRUNDFESTIGER.pdf\">Condor: Silikat Grundfestiger<\/a> <\/span><\/p>\n<p><span style=\"color: #008000;\"><a style=\"color: #008000;\" href=\"http:\/\/www.nitsche-farben.de\/web\/wp-content\/uploads\/2016\/01\/TM-Condor-SILIKAT-INNENFARBE.pdf\">Condor: Silikat Innenfarbe<\/a><\/span><\/p>\n<p><span style=\"color: #008000;\"><a style=\"color: #008000;\" href=\"http:\/\/www.nitsche-farben.de\/web\/wp-content\/uploads\/2016\/01\/TM-Condor-SILIKAT-STREICHPUTZ.pdf\">Condor: Silikat Streichputz<\/a><\/span><\/p>\n<p><a href=\"https:\/\/www.nitsche-farben.de\/web\/wp-content\/uploads\/2022\/04\/TM-Condor-Silikon-Elast-Fassadenfarbe.pdf\" target=\"_blank\" rel=\"noopener\">Condor: Silikon-Elast-Fassadenfarbe<\/a><\/p>\n<p><span style=\"color: #008000;\"><a href=\"https:\/\/www.nitsche-farben.de\/web\/wp-content\/uploads\/2018\/07\/TM-Condor-Silikon-Fassadenfarbe.pdf\" target=\"_blank\" rel=\"noopener\">Condor: Silikonharz Fassadenfarbe<\/a><\/span><\/p>\n<p><span style=\"color: #008000;\"><a style=\"color: #008000;\" href=\"http:\/\/www.nitsche-farben.de\/web\/wp-content\/uploads\/2016\/01\/TM-Condor-STREICHPUTZ.pdf\">Condor: Streichputz<\/a><\/span><\/p>\n<p><span style=\"color: #008000;\"><a style=\"color: #008000;\" href=\"http:\/\/www.nitsche-farben.de\/web\/wp-content\/uploads\/2016\/01\/TM-Condor-Vlieskleber-LF-.pdf\">Condor: Vlieskleber LF<\/a><\/span><\/p>\n<p><span style=\"color: #008000;\"><a style=\"color: #008000;\" href=\"http:\/\/www.nitsche-farben.de\/web\/wp-content\/uploads\/2016\/01\/TM-Condor-WP-GRUNDIERFARBE-LF.pdf\">Condor: WP Grundierfarbe LF<\/a><\/span><\/p>\n<p><span style=\"color: #008000;\"><a href=\"https:\/\/www.nitsche-farben.de\/web\/wp-content\/uploads\/2016\/01\/TM-Dekor-Leicht-Kratz-Reibe-Modellierputz.pdf\" target=\"_blank\" rel=\"noopener\">Dekor: Leicht Kratz-, Reibe-, Roll- und Modellierputz<\/a><\/span><\/p>\n<p><span style=\"color: #008000;\"><a style=\"color: #008000;\" href=\"http:\/\/www.nitsche-farben.de\/web\/wp-content\/uploads\/2016\/02\/TM-Senator-LATEX-SEIDENGLANZPLASTIK.pdf\" target=\"_blank\" rel=\"noopener\">Senator: Latex Seidenglanzp<\/a><a style=\"color: #008000;\" href=\"http:\/\/www.nitsche-farben.de\/web\/wp-content\/uploads\/2016\/02\/TM-Senator-LATEX-SEIDENGLANZPLASTIK.pdf\" target=\"_blank\" rel=\"noopener\">lastik<\/a> <\/span><\/p>\n<p><span style=\"color: #008000;\"><a href=\"https:\/\/www.nitsche-farben.de\/web\/wp-content\/uploads\/2018\/07\/TM-Senator-Rollputz-f\u00fcr-Innen.pdf\" target=\"_blank\" rel=\"noopener\">Senator: Rollputz f\u00fcr Innen<\/a><\/span><\/p>\n<p><span style=\"color: #008000;\"><a style=\"color: #008000;\" href=\"http:\/\/www.nitsche-farben.de\/web\/wp-content\/uploads\/2016\/02\/TM-Senator-ROLLPUTZ-EXTRA.pdf\" target=\"_blank\" rel=\"noopener\">Senator: Rollputz Extra<\/a> <\/span><\/p>\n<p><span style=\"color: #008000;\"><a href=\"https:\/\/www.nitsche-farben.de\/web\/wp-content\/uploads\/2020\/11\/TM-Senator-Streichputz.pdf\" target=\"_blank\" rel=\"noopener\">Senator: Streichputz<\/a><\/span><\/p>\n<p><span style=\"color: #008000;\"><a style=\"color: #008000;\" href=\"https:\/\/www.einza.com\/service\/downloads\" target=\"_blank\" rel=\"noopener\">einzA GmbH<\/a> <\/span><\/p>\n<p><span style=\"color: #008000;\"><a style=\"color: #008000;\" href=\"https:\/\/www.keim.com\/de-de\/service\/downloads\/technische-merkblaetter\/\" target=\"_blank\" rel=\"noopener\">Keim Farben<\/a> <\/span><\/p>\n<p><span style=\"color: #008000;\"><a href=\"https:\/\/www.nitsche-farben.de\/web\/wp-content\/uploads\/2018\/07\/LECO-Technisches-Merkblatt-63000-Background\u00ae-PRO-5in1.pdf\" target=\"_blank\" rel=\"noopener\">LECO Background PRO 5in1 Vlies<\/a><\/span><\/p>\n<p><span style=\"color: #008000;\"><a href=\"https:\/\/www.nitsche-farben.de\/web\/wp-content\/uploads\/2018\/07\/LECO-Technisches-Merkblatt-66000-LECOVER.pdf\" target=\"_blank\" rel=\"noopener\">LECO LECOVER Spezialvlies<\/a><\/span><\/p>\n<p><span style=\"color: #008000;\"><a href=\"https:\/\/www.nitsche-farben.de\/web\/wp-content\/uploads\/2018\/07\/LECO-Technisches-Merkblatt-LECO-Magnetvlies.pdf\" target=\"_blank\" rel=\"noopener\">LECO Magnetvlies<\/a><\/span><\/p>\n<p><span style=\"color: #008000;\"><a href=\"https:\/\/www.nitsche-farben.de\/web\/wp-content\/uploads\/2018\/07\/LECO-Technisches-Merkblatt-39105_39205_39305_Metallicvlies-2.pdf\">LECO Metallicvlies<\/a><\/span><\/p>\n<p><span style=\"color: #008000;\"><a style=\"color: #008000;\" href=\"http:\/\/www.dekorplus.de\/downloads\/lehmusan-edelputz.pdf\" target=\"_blank\" rel=\"noopener\">Lehmusan-Edelputz<\/a><\/span><\/p>\n<p><span style=\"color: #008000;\"><a style=\"color: #008000;\" href=\"http:\/\/www.nitsche-farben.de\/web\/wp-content\/uploads\/2016\/02\/Lehmusan-Lehmfarbe.pdf\" target=\"_blank\" rel=\"noopener\">Lehmusan-Lehmfarbe<\/a><\/span><\/p>\n<p><a href=\"https:\/\/www.nitsche-farben.de\/web\/wp-content\/uploads\/2020\/01\/TM-Terraline-2021-DesignClick-03-mm.pdf\" target=\"_blank\" rel=\"noopener\">TM Terraline 2021 &#8211; DesignClick 0,3 mm<\/a><\/p>\n<p><a href=\"https:\/\/www.nitsche-farben.de\/web\/wp-content\/uploads\/2020\/01\/TM-Terraline-2021-DesignVinyl-02-mm.pdf\" target=\"_blank\" rel=\"noopener\">TM Terraline 2021 &#8211; DesignVinyl 0,2 mm<\/a><\/p>\n<p><a href=\"https:\/\/www.nitsche-farben.de\/web\/wp-content\/uploads\/2020\/01\/TM-Terraline-2021-DesignVinyl-03-mm.pdf\" target=\"_blank\" rel=\"noopener\">TM Terraline 2021 &#8211; DesignVinyl 0,3 mm<\/a><\/p>\n<p><strong>Sicherheitsdatenbl\u00e4tter:<\/strong><br \/>\n<span style=\"color: #008000;\"><a style=\"color: #008000;\" href=\"https:\/\/www.einza.com\/service\/downloads\" target=\"_blank\" rel=\"noopener\">einzA GmbH<\/a><\/span><\/p>\n<p><span style=\"color: #008000;\"><a style=\"color: #008000;\" href=\"https:\/\/www.keim.com\/de-de\/service\/downloads\/sicherheitsdatenblaetter\/\" target=\"_blank\" rel=\"noopener\">Keim Farben<\/a><\/span><\/p>\n<p><a href=\"https:\/\/www.nitsche-farben.de\/web\/wp-content\/uploads\/2022\/01\/SIDA-Condor-Diamantwei\u00df.pdf\" target=\"_blank\" rel=\"noopener\">Condor: Diamantwei\u00df<\/a><\/p>\n<p><a href=\"https:\/\/www.nitsche-farben.de\/web\/wp-content\/uploads\/2018\/07\/SD-Condor-Einschichtfarbe.pdf\" target=\"_blank\" rel=\"noopener\">Condor: Einschichtfarbe<\/a><\/p>\n<p><a href=\"https:\/\/www.nitsche-farben.de\/web\/wp-content\/uploads\/2022\/02\/SIDA-Condor-Gewebekleber-LF.pdf\" target=\"_blank\" rel=\"noopener\">Condor: Gewebekleber<\/a><\/p>\n<p><a href=\"https:\/\/www.nitsche-farben.de\/web\/wp-content\/uploads\/2016\/01\/SD-Condor-Innenlatex.pdf\" target=\"_blank\" rel=\"noopener\">Condor: Innenlatex<\/a><\/p>\n<p><a href=\"https:\/\/www.nitsche-farben.de\/web\/wp-content\/uploads\/2022\/02\/SIDA-Condor-Latexfarbe-Matt-E.L.F..pdf\" target=\"_blank\" rel=\"noopener\">Condor: Latexfarbe Matt E.L.F.<\/a><\/p>\n<p><a href=\"https:\/\/www.nitsche-farben.de\/web\/wp-content\/uploads\/2023\/03\/TM-Condor-Schimmel-und-Algen-HighTech-4.0.pdf\" target=\"_blank\" rel=\"noopener\">Condor: Schimmel &amp; Algen HighTech 4.0<\/a><\/p>\n<p><a href=\"https:\/\/www.nitsche-farben.de\/web\/wp-content\/uploads\/2022\/02\/SIDA-Condor-Silikat-Streichputz.pdf\" target=\"_blank\" rel=\"noopener\">Condor: Silikat Streichputz<\/a><\/p>\n<p><a href=\"https:\/\/www.nitsche-farben.de\/web\/wp-content\/uploads\/2022\/02\/SIDA-Condor-Silikonharz-Fassadenfarbe.pdf\" target=\"_blank\" rel=\"noopener\">Condor: Silikonharz Fassadenfarbe<\/a><\/p>\n<p><a href=\"https:\/\/www.nitsche-farben.de\/web\/wp-content\/uploads\/2020\/11\/SD-Senator-Streichputz.pdf\" target=\"_blank\" rel=\"noopener\">Senator: Streichputz<\/a><\/p>\n<p><strong>Produkt\u00fcbersichten:<\/strong><\/p>\n<p><a href=\"https:\/\/www.nitsche-farben.de\/web\/wp-content\/uploads\/2026\/03\/Nitsche-Flyer-Condor-Produktpalette-1.pdf\" target=\"_blank\" rel=\"noopener\">Condor + Senator\u00a0<\/a><\/p>\n<p><span style=\"color: #008000;\"><a style=\"color: #008000;\" href=\"http:\/\/www.pci-bodenleger.com\/produkte\/produktinformationen.html\" target=\"_blank\" rel=\"noopener\">PCI<\/a><\/span><\/p>\n<p><strong>Ardexia hilft:<\/strong><\/p>\n<p><a href=\"https:\/\/www.ardexia.de\/#\" target=\"_blank\" rel=\"noopener\">Ardexia<\/a><\/p>\n<p><strong>Tapeten-Konfigurator:<\/strong><\/p>\n<p><a href=\"http:\/\/erfurt.juicywalls.pro\/?user=63\" target=\"_blank\" rel=\"noopener\"><img decoding=\"async\" loading=\"lazy\" class=\"alignnone size-medium wp-image-1349\" src=\"https:\/\/www.nitsche-farben.de\/web\/wp-content\/uploads\/2016\/01\/tapeten-konfigurator-link-300x77.jpg\" alt=\"tapeten-konfigurator-link\" width=\"300\" height=\"77\" srcset=\"https:\/\/www.nitsche-farben.de\/web\/wp-content\/uploads\/2016\/01\/tapeten-konfigurator-link-300x77.jpg 300w, https:\/\/www.nitsche-farben.de\/web\/wp-content\/uploads\/2016\/01\/tapeten-konfigurator-link-500x128.jpg 500w, https:\/\/www.nitsche-farben.de\/web\/wp-content\/uploads\/2016\/01\/tapeten-konfigurator-link.jpg 680w\" sizes=\"(max-width: 300px) 100vw, 300px\" \/><\/a><\/p>\n<p><strong>MHZ.planer:<\/strong><br \/>\n<a title=\"Konfigurieren Sie mit dem MHZ.planer\" href=\"https:\/\/nitsche-farben.mhz.de\" target=\"_blank\" rel=\"noopener\"><br \/>\n<img decoding=\"async\" src=\"https:\/\/planer.mhz.de\/_additional_assets\/mhz_banner_250x220.jpg\" alt=\"Banner MHZ.planer\" width=\"100%\" \/><br \/>\n<\/a>[\/vc_column_text][\/vc_column]<\/div><\/div><\/section>\n","protected":false},"excerpt":{"rendered":"[vc_column][vc_column_text]Willkommen in unserem Downloadbereich. Download Wochenzettel Teamviewer: Teamviewer nutzen E-Kollektionen: Tapetenkarte Aktuelle Volltreffer 2026 Tapetenkarte Setta Trendvlies 2028 Pflegeanleitungen: Project Floors RZ-Chemie: Vinyl (PVC), CV ohne werkseitige Verg\u00fctung Technische Merkbl\u00e4tter: Brantho-Korrux 3in1 Condor: Acryl Tiefgrund LF Condor: Bodenfarbe Condor: Diamantwei\u00df Condor: Einschichtfarbe Condor: Fassadenfarbe Condor: Feuchtraumfarbe Condor: Gewebekleber LF Condor: WP Grundierfarbe LF Condor: Grundierkonzentrat [...]","protected":false},"author":1,"featured_media":0,"parent":0,"menu_order":0,"comment_status":"closed","ping_status":"closed","template":"","meta":[],"yoast_head":"<!-- This site is optimized with the Yoast SEO plugin v19.14 - https:\/\/yoast.com\/wordpress\/plugins\/seo\/ -->\n<title>Downloads &ndash; Nitsche Farben<\/title>\n<meta name=\"description\" content=\"Die Nitsche Farben GmbH ist ein Gro\u00dfhandelshaus f\u00fcr Farben, Lacke, Bodenbeschichtungen, Grundierungen, Spachtelmassen, Kleber, Bodenbel\u00e4ge und vieles mehr. Wie bieten Kataloge, Magazine und Downloads auf unserer Internetseite an. Informieren Sie sich \u00fcber unser Sortiment und Karriere-Chancen.\" \/>\n<meta name=\"robots\" content=\"index, follow, max-snippet:-1, max-image-preview:large, max-video-preview:-1\" \/>\n<link rel=\"canonical\" href=\"https:\/\/www.nitsche-farben.de\/web\/downloads-nitsche\/\" \/>\n<meta property=\"og:locale\" content=\"de_DE\" \/>\n<meta property=\"og:type\" content=\"article\" \/>\n<meta property=\"og:title\" content=\"Downloads &ndash; Nitsche Farben\" \/>\n<meta property=\"og:description\" content=\"Die Nitsche Farben GmbH ist ein Gro\u00dfhandelshaus f\u00fcr Farben, Lacke, Bodenbeschichtungen, Grundierungen, Spachtelmassen, Kleber, Bodenbel\u00e4ge und vieles mehr. Wie bieten Kataloge, Magazine und Downloads auf unserer Internetseite an. Informieren Sie sich \u00fcber unser Sortiment und Karriere-Chancen.\" \/>\n<meta property=\"og:url\" content=\"https:\/\/www.nitsche-farben.de\/web\/downloads-nitsche\/\" \/>\n<meta property=\"og:site_name\" content=\"Nitsche Farben\" \/>\n<meta property=\"article:modified_time\" content=\"2026-04-16T13:01:54+00:00\" \/>\n<meta property=\"og:image\" content=\"https:\/\/www.nitsche-farben.de\/web\/wp-content\/uploads\/2016\/01\/tapeten-konfigurator-link-300x77.jpg\" \/>\n<meta name=\"twitter:card\" content=\"summary_large_image\" \/>\n<meta name=\"twitter:label1\" content=\"Gesch\u00e4tzte Lesezeit\" \/>\n\t<meta name=\"twitter:data1\" content=\"2\u00a0Minuten\" \/>\n<script type=\"application\/ld+json\" class=\"yoast-schema-graph\">{\"@context\":\"https:\/\/schema.org\",\"@graph\":[{\"@type\":\"WebPage\",\"@id\":\"https:\/\/www.nitsche-farben.de\/web\/downloads-nitsche\/\",\"url\":\"https:\/\/www.nitsche-farben.de\/web\/downloads-nitsche\/\",\"name\":\"Downloads &ndash; Nitsche Farben\",\"isPartOf\":{\"@id\":\"https:\/\/www.nitsche-farben.de\/web\/#website\"},\"datePublished\":\"2016-01-08T09:49:30+00:00\",\"dateModified\":\"2026-04-16T13:01:54+00:00\",\"description\":\"Die Nitsche Farben GmbH ist ein Gro\u00dfhandelshaus f\u00fcr Farben, Lacke, Bodenbeschichtungen, Grundierungen, Spachtelmassen, Kleber, Bodenbel\u00e4ge und vieles mehr. Wie bieten Kataloge, Magazine und Downloads auf unserer Internetseite an. Informieren Sie sich \u00fcber unser Sortiment und Karriere-Chancen.\",\"breadcrumb\":{\"@id\":\"https:\/\/www.nitsche-farben.de\/web\/downloads-nitsche\/#breadcrumb\"},\"inLanguage\":\"de\",\"potentialAction\":[{\"@type\":\"ReadAction\",\"target\":[\"https:\/\/www.nitsche-farben.de\/web\/downloads-nitsche\/\"]}]},{\"@type\":\"BreadcrumbList\",\"@id\":\"https:\/\/www.nitsche-farben.de\/web\/downloads-nitsche\/#breadcrumb\",\"itemListElement\":[{\"@type\":\"ListItem\",\"position\":1,\"name\":\"Home\",\"item\":\"https:\/\/www.nitsche-farben.de\/web\/\"},{\"@type\":\"ListItem\",\"position\":2,\"name\":\"Downloads\"}]},{\"@type\":\"WebSite\",\"@id\":\"https:\/\/www.nitsche-farben.de\/web\/#website\",\"url\":\"https:\/\/www.nitsche-farben.de\/web\/\",\"name\":\"Nitsche Farben\",\"description\":\"Herzlich willkommen\",\"publisher\":{\"@id\":\"https:\/\/www.nitsche-farben.de\/web\/#organization\"},\"potentialAction\":[{\"@type\":\"SearchAction\",\"target\":{\"@type\":\"EntryPoint\",\"urlTemplate\":\"https:\/\/www.nitsche-farben.de\/web\/?s={search_term_string}\"},\"query-input\":\"required name=search_term_string\"}],\"inLanguage\":\"de\"},{\"@type\":\"Organization\",\"@id\":\"https:\/\/www.nitsche-farben.de\/web\/#organization\",\"name\":\"Nitsche Farben GmbH & Co. KG\",\"url\":\"https:\/\/www.nitsche-farben.de\/web\/\",\"logo\":{\"@type\":\"ImageObject\",\"inLanguage\":\"de\",\"@id\":\"https:\/\/www.nitsche-farben.de\/web\/#\/schema\/logo\/image\/\",\"url\":\"https:\/\/www.nitsche-farben.de\/web\/wp-content\/uploads\/2015\/12\/logo2.png\",\"contentUrl\":\"https:\/\/www.nitsche-farben.de\/web\/wp-content\/uploads\/2015\/12\/logo2.png\",\"width\":1000,\"height\":282,\"caption\":\"Nitsche Farben GmbH & Co. KG\"},\"image\":{\"@id\":\"https:\/\/www.nitsche-farben.de\/web\/#\/schema\/logo\/image\/\"}}]}<\/script>\n<!-- \/ Yoast SEO plugin. -->","yoast_head_json":{"title":"Downloads &ndash; Nitsche Farben","description":"Die Nitsche Farben GmbH ist ein Gro\u00dfhandelshaus f\u00fcr Farben, Lacke, Bodenbeschichtungen, Grundierungen, Spachtelmassen, Kleber, Bodenbel\u00e4ge und vieles mehr. Wie bieten Kataloge, Magazine und Downloads auf unserer Internetseite an. Informieren Sie sich \u00fcber unser Sortiment und Karriere-Chancen.","robots":{"index":"index","follow":"follow","max-snippet":"max-snippet:-1","max-image-preview":"max-image-preview:large","max-video-preview":"max-video-preview:-1"},"canonical":"https:\/\/www.nitsche-farben.de\/web\/downloads-nitsche\/","og_locale":"de_DE","og_type":"article","og_title":"Downloads &ndash; Nitsche Farben","og_description":"Die Nitsche Farben GmbH ist ein Gro\u00dfhandelshaus f\u00fcr Farben, Lacke, Bodenbeschichtungen, Grundierungen, Spachtelmassen, Kleber, Bodenbel\u00e4ge und vieles mehr. Wie bieten Kataloge, Magazine und Downloads auf unserer Internetseite an. Informieren Sie sich \u00fcber unser Sortiment und Karriere-Chancen.","og_url":"https:\/\/www.nitsche-farben.de\/web\/downloads-nitsche\/","og_site_name":"Nitsche Farben","article_modified_time":"2026-04-16T13:01:54+00:00","og_image":[{"url":"https:\/\/www.nitsche-farben.de\/web\/wp-content\/uploads\/2016\/01\/tapeten-konfigurator-link-300x77.jpg"}],"twitter_card":"summary_large_image","twitter_misc":{"Gesch\u00e4tzte Lesezeit":"2\u00a0Minuten"},"schema":{"@context":"https:\/\/schema.org","@graph":[{"@type":"WebPage","@id":"https:\/\/www.nitsche-farben.de\/web\/downloads-nitsche\/","url":"https:\/\/www.nitsche-farben.de\/web\/downloads-nitsche\/","name":"Downloads &ndash; Nitsche Farben","isPartOf":{"@id":"https:\/\/www.nitsche-farben.de\/web\/#website"},"datePublished":"2016-01-08T09:49:30+00:00","dateModified":"2026-04-16T13:01:54+00:00","description":"Die Nitsche Farben GmbH ist ein Gro\u00dfhandelshaus f\u00fcr Farben, Lacke, Bodenbeschichtungen, Grundierungen, Spachtelmassen, Kleber, Bodenbel\u00e4ge und vieles mehr. Wie bieten Kataloge, Magazine und Downloads auf unserer Internetseite an. Informieren Sie sich \u00fcber unser Sortiment und Karriere-Chancen.","breadcrumb":{"@id":"https:\/\/www.nitsche-farben.de\/web\/downloads-nitsche\/#breadcrumb"},"inLanguage":"de","potentialAction":[{"@type":"ReadAction","target":["https:\/\/www.nitsche-farben.de\/web\/downloads-nitsche\/"]}]},{"@type":"BreadcrumbList","@id":"https:\/\/www.nitsche-farben.de\/web\/downloads-nitsche\/#breadcrumb","itemListElement":[{"@type":"ListItem","position":1,"name":"Home","item":"https:\/\/www.nitsche-farben.de\/web\/"},{"@type":"ListItem","position":2,"name":"Downloads"}]},{"@type":"WebSite","@id":"https:\/\/www.nitsche-farben.de\/web\/#website","url":"https:\/\/www.nitsche-farben.de\/web\/","name":"Nitsche Farben","description":"Herzlich willkommen","publisher":{"@id":"https:\/\/www.nitsche-farben.de\/web\/#organization"},"potentialAction":[{"@type":"SearchAction","target":{"@type":"EntryPoint","urlTemplate":"https:\/\/www.nitsche-farben.de\/web\/?s={search_term_string}"},"query-input":"required name=search_term_string"}],"inLanguage":"de"},{"@type":"Organization","@id":"https:\/\/www.nitsche-farben.de\/web\/#organization","name":"Nitsche Farben GmbH & Co. KG","url":"https:\/\/www.nitsche-farben.de\/web\/","logo":{"@type":"ImageObject","inLanguage":"de","@id":"https:\/\/www.nitsche-farben.de\/web\/#\/schema\/logo\/image\/","url":"https:\/\/www.nitsche-farben.de\/web\/wp-content\/uploads\/2015\/12\/logo2.png","contentUrl":"https:\/\/www.nitsche-farben.de\/web\/wp-content\/uploads\/2015\/12\/logo2.png","width":1000,"height":282,"caption":"Nitsche Farben GmbH & Co. KG"},"image":{"@id":"https:\/\/www.nitsche-farben.de\/web\/#\/schema\/logo\/image\/"}}]}},"_links":{"self":[{"href":"https:\/\/www.nitsche-farben.de\/web\/wp-json\/wp\/v2\/pages\/797"}],"collection":[{"href":"https:\/\/www.nitsche-farben.de\/web\/wp-json\/wp\/v2\/pages"}],"about":[{"href":"https:\/\/www.nitsche-farben.de\/web\/wp-json\/wp\/v2\/types\/page"}],"author":[{"embeddable":true,"href":"https:\/\/www.nitsche-farben.de\/web\/wp-json\/wp\/v2\/users\/1"}],"replies":[{"embeddable":true,"href":"https:\/\/www.nitsche-farben.de\/web\/wp-json\/wp\/v2\/comments?post=797"}],"version-history":[{"count":68,"href":"https:\/\/www.nitsche-farben.de\/web\/wp-json\/wp\/v2\/pages\/797\/revisions"}],"predecessor-version":[{"id":3041,"href":"https:\/\/www.nitsche-farben.de\/web\/wp-json\/wp\/v2\/pages\/797\/revisions\/3041"}],"wp:attachment":[{"href":"https:\/\/www.nitsche-farben.de\/web\/wp-json\/wp\/v2\/media?parent=797"}],"curies":[{"name":"wp","href":"https:\/\/api.w.org\/{rel}","templated":true}]}}