{"id":737,"date":"2015-12-04T09:20:12","date_gmt":"2015-12-04T08:20:12","guid":{"rendered":"http:\/\/www.nitsche-farben.de\/web\/?page_id=737"},"modified":"2020-08-05T10:41:21","modified_gmt":"2020-08-05T08:41:21","slug":"unternehmen","status":"publish","type":"page","link":"https:\/\/www.nitsche-farben.de\/web\/unternehmen\/","title":{"rendered":"Unternehmen"},"content":{"rendered":"<section class=\"no-margin   vc_custom_1594820182515\" style=\"background-position: 50% 50%; \" ><div class=\"container\"><div class=\"section-overlay\" style=\"background-color: rgba( 0, 0, 0,  );  background-image: url(  );\"><\/div><div class=\"row\" style=\"\">[vc_column][vc_column_text]<strong>2014:<\/strong> Umzug in das neue Betriebsgeb\u00e4ude der Niederlassung Cottbus<\/p>\n<p><strong>2008:<\/strong> Neubau einer zus\u00e4tzlichen Lagerhalle mit 700 Palettenpl\u00e4tzen am Standort Balve<\/p>\n<p><strong>2003:<\/strong> Beitritt zur VFG (Verbundgruppe Farbe und Gestaltung), dem gr\u00f6\u00dften Verbund unabh\u00e4ngiger Farbenh\u00e4ndler Europas<\/p>\n<p><strong>1999:<\/strong> Er\u00f6ffnung der Niederlassung in Cottbus\/Brandenburg<\/p>\n<p><strong>1995:<\/strong> Umzug in das neue Betriebsgeb\u00e4ude der Niederlassung Demitz-Thumitz<\/p>\n<p><strong>1991:<\/strong> Er\u00f6ffnung der Niederlassung in Demitz-Thumitz\/Sachsen, dem Geburtsort von Otto Nitsche<\/p>\n<p><strong>1984:<\/strong> Umfirmierung der Firma Otto Nitsche in Nitsche Farben GmbH, Dieter Nitsche wird Mitgesch\u00e4ftsf\u00fchrer<\/p>\n<p><strong>1975:<\/strong> Beginn der einzA-Partnerschaft mit Exclusivvertrieb der Marke<\/p>\n<p><strong>1973:<\/strong> Umzug von der Hauptstra\u00dfe in das heutige Betriebsgeb\u00e4ude<\/p>\n<p><strong>1965:<\/strong> gr\u00fcndet Otto Nitsche in Balve nach 15-j\u00e4hriger Aussendienstt\u00e4tigkeit einen Lack- und Farbengro\u00dfhandel[\/vc_column_text][\/vc_column]<\/div><\/div><\/section>\n","protected":false},"excerpt":{"rendered":"[vc_column][vc_column_text]2014: Umzug in das neue Betriebsgeb\u00e4ude der Niederlassung Cottbus 2008: Neubau einer zus\u00e4tzlichen Lagerhalle mit 700 Palettenpl\u00e4tzen am Standort Balve 2003: Beitritt zur VFG (Verbundgruppe Farbe und Gestaltung), dem gr\u00f6\u00dften Verbund unabh\u00e4ngiger Farbenh\u00e4ndler Europas 1999: Er\u00f6ffnung der Niederlassung in Cottbus\/Brandenburg 1995: Umzug in das neue Betriebsgeb\u00e4ude der Niederlassung Demitz-Thumitz 1991: Er\u00f6ffnung der Niederlassung in Demitz-Thumitz\/Sachsen, [...]","protected":false},"author":1,"featured_media":2227,"parent":0,"menu_order":0,"comment_status":"closed","ping_status":"closed","template":"","meta":[],"yoast_head":"<!-- This site is optimized with the Yoast SEO plugin v19.14 - https:\/\/yoast.com\/wordpress\/plugins\/seo\/ -->\n<title>Unternehmen &ndash; Nitsche Farben<\/title>\n<meta name=\"description\" content=\"Die Nitsche Farben GmbH ist ein Gro\u00dfhandelshaus f\u00fcr Farben, Lacke, Bodenbeschichtungen, Grundierungen, Spachtelmassen, Kleber, Bodenbel\u00e4ge und vieles mehr. Wie bieten Kataloge, Magazine und Downloads auf unserer Internetseite an. Informieren Sie sich \u00fcber unser Sortiment und Karriere-Chancen.\" \/>\n<meta name=\"robots\" content=\"index, follow, max-snippet:-1, max-image-preview:large, max-video-preview:-1\" \/>\n<link rel=\"canonical\" href=\"https:\/\/www.nitsche-farben.de\/web\/unternehmen\/\" \/>\n<meta property=\"og:locale\" content=\"de_DE\" \/>\n<meta property=\"og:type\" content=\"article\" \/>\n<meta property=\"og:title\" content=\"Unternehmen &ndash; Nitsche Farben\" \/>\n<meta property=\"og:description\" content=\"Die Nitsche Farben GmbH ist ein Gro\u00dfhandelshaus f\u00fcr Farben, Lacke, Bodenbeschichtungen, Grundierungen, Spachtelmassen, Kleber, Bodenbel\u00e4ge und vieles mehr. Wie bieten Kataloge, Magazine und Downloads auf unserer Internetseite an. Informieren Sie sich \u00fcber unser Sortiment und Karriere-Chancen.\" \/>\n<meta property=\"og:url\" content=\"https:\/\/www.nitsche-farben.de\/web\/unternehmen\/\" \/>\n<meta property=\"og:site_name\" content=\"Nitsche Farben\" \/>\n<meta property=\"article:modified_time\" content=\"2020-08-05T08:41:21+00:00\" \/>\n<meta property=\"og:image\" content=\"https:\/\/www.nitsche-farben.de\/web\/wp-content\/uploads\/2015\/12\/Bild-Front-web.jpg\" \/>\n\t<meta property=\"og:image:width\" content=\"1376\" \/>\n\t<meta property=\"og:image:height\" content=\"685\" \/>\n\t<meta property=\"og:image:type\" content=\"image\/jpeg\" \/>\n<meta name=\"twitter:card\" content=\"summary_large_image\" \/>\n<meta name=\"twitter:label1\" content=\"Gesch\u00e4tzte Lesezeit\" \/>\n\t<meta name=\"twitter:data1\" content=\"1\u00a0Minute\" \/>\n<script type=\"application\/ld+json\" class=\"yoast-schema-graph\">{\"@context\":\"https:\/\/schema.org\",\"@graph\":[{\"@type\":\"WebPage\",\"@id\":\"https:\/\/www.nitsche-farben.de\/web\/unternehmen\/\",\"url\":\"https:\/\/www.nitsche-farben.de\/web\/unternehmen\/\",\"name\":\"Unternehmen &ndash; Nitsche Farben\",\"isPartOf\":{\"@id\":\"https:\/\/www.nitsche-farben.de\/web\/#website\"},\"datePublished\":\"2015-12-04T08:20:12+00:00\",\"dateModified\":\"2020-08-05T08:41:21+00:00\",\"description\":\"Die Nitsche Farben GmbH ist ein Gro\u00dfhandelshaus f\u00fcr Farben, Lacke, Bodenbeschichtungen, Grundierungen, Spachtelmassen, Kleber, Bodenbel\u00e4ge und vieles mehr. Wie bieten Kataloge, Magazine und Downloads auf unserer Internetseite an. Informieren Sie sich \u00fcber unser Sortiment und Karriere-Chancen.\",\"breadcrumb\":{\"@id\":\"https:\/\/www.nitsche-farben.de\/web\/unternehmen\/#breadcrumb\"},\"inLanguage\":\"de\",\"potentialAction\":[{\"@type\":\"ReadAction\",\"target\":[\"https:\/\/www.nitsche-farben.de\/web\/unternehmen\/\"]}]},{\"@type\":\"BreadcrumbList\",\"@id\":\"https:\/\/www.nitsche-farben.de\/web\/unternehmen\/#breadcrumb\",\"itemListElement\":[{\"@type\":\"ListItem\",\"position\":1,\"name\":\"Home\",\"item\":\"https:\/\/www.nitsche-farben.de\/web\/\"},{\"@type\":\"ListItem\",\"position\":2,\"name\":\"Unternehmen\"}]},{\"@type\":\"WebSite\",\"@id\":\"https:\/\/www.nitsche-farben.de\/web\/#website\",\"url\":\"https:\/\/www.nitsche-farben.de\/web\/\",\"name\":\"Nitsche Farben\",\"description\":\"Herzlich willkommen\",\"publisher\":{\"@id\":\"https:\/\/www.nitsche-farben.de\/web\/#organization\"},\"potentialAction\":[{\"@type\":\"SearchAction\",\"target\":{\"@type\":\"EntryPoint\",\"urlTemplate\":\"https:\/\/www.nitsche-farben.de\/web\/?s={search_term_string}\"},\"query-input\":\"required name=search_term_string\"}],\"inLanguage\":\"de\"},{\"@type\":\"Organization\",\"@id\":\"https:\/\/www.nitsche-farben.de\/web\/#organization\",\"name\":\"Nitsche Farben GmbH & Co. KG\",\"url\":\"https:\/\/www.nitsche-farben.de\/web\/\",\"logo\":{\"@type\":\"ImageObject\",\"inLanguage\":\"de\",\"@id\":\"https:\/\/www.nitsche-farben.de\/web\/#\/schema\/logo\/image\/\",\"url\":\"https:\/\/www.nitsche-farben.de\/web\/wp-content\/uploads\/2015\/12\/logo2.png\",\"contentUrl\":\"https:\/\/www.nitsche-farben.de\/web\/wp-content\/uploads\/2015\/12\/logo2.png\",\"width\":1000,\"height\":282,\"caption\":\"Nitsche Farben GmbH & Co. KG\"},\"image\":{\"@id\":\"https:\/\/www.nitsche-farben.de\/web\/#\/schema\/logo\/image\/\"}}]}<\/script>\n<!-- \/ Yoast SEO plugin. -->","yoast_head_json":{"title":"Unternehmen &ndash; Nitsche Farben","description":"Die Nitsche Farben GmbH ist ein Gro\u00dfhandelshaus f\u00fcr Farben, Lacke, Bodenbeschichtungen, Grundierungen, Spachtelmassen, Kleber, Bodenbel\u00e4ge und vieles mehr. Wie bieten Kataloge, Magazine und Downloads auf unserer Internetseite an. Informieren Sie sich \u00fcber unser Sortiment und Karriere-Chancen.","robots":{"index":"index","follow":"follow","max-snippet":"max-snippet:-1","max-image-preview":"max-image-preview:large","max-video-preview":"max-video-preview:-1"},"canonical":"https:\/\/www.nitsche-farben.de\/web\/unternehmen\/","og_locale":"de_DE","og_type":"article","og_title":"Unternehmen &ndash; Nitsche Farben","og_description":"Die Nitsche Farben GmbH ist ein Gro\u00dfhandelshaus f\u00fcr Farben, Lacke, Bodenbeschichtungen, Grundierungen, Spachtelmassen, Kleber, Bodenbel\u00e4ge und vieles mehr. Wie bieten Kataloge, Magazine und Downloads auf unserer Internetseite an. Informieren Sie sich \u00fcber unser Sortiment und Karriere-Chancen.","og_url":"https:\/\/www.nitsche-farben.de\/web\/unternehmen\/","og_site_name":"Nitsche Farben","article_modified_time":"2020-08-05T08:41:21+00:00","og_image":[{"width":1376,"height":685,"url":"https:\/\/www.nitsche-farben.de\/web\/wp-content\/uploads\/2015\/12\/Bild-Front-web.jpg","type":"image\/jpeg"}],"twitter_card":"summary_large_image","twitter_misc":{"Gesch\u00e4tzte Lesezeit":"1\u00a0Minute"},"schema":{"@context":"https:\/\/schema.org","@graph":[{"@type":"WebPage","@id":"https:\/\/www.nitsche-farben.de\/web\/unternehmen\/","url":"https:\/\/www.nitsche-farben.de\/web\/unternehmen\/","name":"Unternehmen &ndash; Nitsche Farben","isPartOf":{"@id":"https:\/\/www.nitsche-farben.de\/web\/#website"},"datePublished":"2015-12-04T08:20:12+00:00","dateModified":"2020-08-05T08:41:21+00:00","description":"Die Nitsche Farben GmbH ist ein Gro\u00dfhandelshaus f\u00fcr Farben, Lacke, Bodenbeschichtungen, Grundierungen, Spachtelmassen, Kleber, Bodenbel\u00e4ge und vieles mehr. Wie bieten Kataloge, Magazine und Downloads auf unserer Internetseite an. Informieren Sie sich \u00fcber unser Sortiment und Karriere-Chancen.","breadcrumb":{"@id":"https:\/\/www.nitsche-farben.de\/web\/unternehmen\/#breadcrumb"},"inLanguage":"de","potentialAction":[{"@type":"ReadAction","target":["https:\/\/www.nitsche-farben.de\/web\/unternehmen\/"]}]},{"@type":"BreadcrumbList","@id":"https:\/\/www.nitsche-farben.de\/web\/unternehmen\/#breadcrumb","itemListElement":[{"@type":"ListItem","position":1,"name":"Home","item":"https:\/\/www.nitsche-farben.de\/web\/"},{"@type":"ListItem","position":2,"name":"Unternehmen"}]},{"@type":"WebSite","@id":"https:\/\/www.nitsche-farben.de\/web\/#website","url":"https:\/\/www.nitsche-farben.de\/web\/","name":"Nitsche Farben","description":"Herzlich willkommen","publisher":{"@id":"https:\/\/www.nitsche-farben.de\/web\/#organization"},"potentialAction":[{"@type":"SearchAction","target":{"@type":"EntryPoint","urlTemplate":"https:\/\/www.nitsche-farben.de\/web\/?s={search_term_string}"},"query-input":"required name=search_term_string"}],"inLanguage":"de"},{"@type":"Organization","@id":"https:\/\/www.nitsche-farben.de\/web\/#organization","name":"Nitsche Farben GmbH & Co. KG","url":"https:\/\/www.nitsche-farben.de\/web\/","logo":{"@type":"ImageObject","inLanguage":"de","@id":"https:\/\/www.nitsche-farben.de\/web\/#\/schema\/logo\/image\/","url":"https:\/\/www.nitsche-farben.de\/web\/wp-content\/uploads\/2015\/12\/logo2.png","contentUrl":"https:\/\/www.nitsche-farben.de\/web\/wp-content\/uploads\/2015\/12\/logo2.png","width":1000,"height":282,"caption":"Nitsche Farben GmbH & Co. KG"},"image":{"@id":"https:\/\/www.nitsche-farben.de\/web\/#\/schema\/logo\/image\/"}}]}},"_links":{"self":[{"href":"https:\/\/www.nitsche-farben.de\/web\/wp-json\/wp\/v2\/pages\/737"}],"collection":[{"href":"https:\/\/www.nitsche-farben.de\/web\/wp-json\/wp\/v2\/pages"}],"about":[{"href":"https:\/\/www.nitsche-farben.de\/web\/wp-json\/wp\/v2\/types\/page"}],"author":[{"embeddable":true,"href":"https:\/\/www.nitsche-farben.de\/web\/wp-json\/wp\/v2\/users\/1"}],"replies":[{"embeddable":true,"href":"https:\/\/www.nitsche-farben.de\/web\/wp-json\/wp\/v2\/comments?post=737"}],"version-history":[{"count":8,"href":"https:\/\/www.nitsche-farben.de\/web\/wp-json\/wp\/v2\/pages\/737\/revisions"}],"predecessor-version":[{"id":2220,"href":"https:\/\/www.nitsche-farben.de\/web\/wp-json\/wp\/v2\/pages\/737\/revisions\/2220"}],"wp:featuredmedia":[{"embeddable":true,"href":"https:\/\/www.nitsche-farben.de\/web\/wp-json\/wp\/v2\/media\/2227"}],"wp:attachment":[{"href":"https:\/\/www.nitsche-farben.de\/web\/wp-json\/wp\/v2\/media?parent=737"}],"curies":[{"name":"wp","href":"https:\/\/api.w.org\/{rel}","templated":true}]}}