{"id":1323,"date":"2016-04-27T16:23:42","date_gmt":"2016-04-27T14:23:42","guid":{"rendered":"http:\/\/www.nitsche-farben.de\/web\/?page_id=1323"},"modified":"2025-09-29T14:37:52","modified_gmt":"2025-09-29T12:37:52","slug":"sortiment","status":"publish","type":"page","link":"https:\/\/www.nitsche-farben.de\/web\/sortiment\/","title":{"rendered":"Sortiment"},"content":{"rendered":"<section class=\"no-margin  \" style=\"background-position: 50% 50%; \" ><div class=\"container\"><div class=\"section-overlay\" style=\"background-color: rgba( 0, 0, 0,  );  background-image: url(  );\"><\/div><div class=\"row\" style=\"\">[vc_column][vc_tta_accordion active_section=&#8220;1&#8243;][vc_tta_section title=&#8220;Dispersionsfarben&#8220; tab_id=&#8220;1455530246858-eb805825-ab74&#8243;][vc_column_text]<img decoding=\"async\" class=\"alignnone size-full wp-image-1242\" src=\"http:\/\/www.nitsche-farben.de\/web\/wp-content\/uploads\/2016\/02\/dispersionen.jpg\" alt=\"Sortiment\" width=\"100%\" srcset=\"https:\/\/www.nitsche-farben.de\/web\/wp-content\/uploads\/2016\/02\/dispersionen.jpg 800w, https:\/\/www.nitsche-farben.de\/web\/wp-content\/uploads\/2016\/02\/dispersionen-300x113.jpg 300w, https:\/\/www.nitsche-farben.de\/web\/wp-content\/uploads\/2016\/02\/dispersionen-768x288.jpg 768w, https:\/\/www.nitsche-farben.de\/web\/wp-content\/uploads\/2016\/02\/dispersionen-500x188.jpg 500w\" sizes=\"(max-width: 800px) 100vw, 800px\" \/><\/p>\n<p>Unser Sortiment bietet \u00e4hnlich wie bei den Lacken\/Lasuren Produkte einer Reihe namhafter Hersteller. Exclusiv vertreiben wir Artikel der Marke \u201eeinzA\u201c in unseren Verkaufsgebieten. Sie finden alle notwendigen Anstrichmittel, um Oberfl\u00e4chen zu sch\u00fctzen und farbig zu gestalten, nat\u00fcrlich bei bester Beratung und Bedienung. Dank der verschiedenen Mischmaschinen ist es uns m\u00f6glich, jeden Farbton zu t\u00f6nen, der Ihren W\u00fcnschen entspricht. Im System sind etliche Farbtonkarten hinterlegt, die es uns m\u00f6glich machen, fast jeden Farbtonwunsch zu erf\u00fcllen.[\/vc_column_text][\/vc_tta_section][vc_tta_section title=&#8220;Lacke \/ Lasuren&#8220; tab_id=&#8220;1455530246975-3bbba60a-8384&#8243;][vc_column_text]<img decoding=\"async\" class=\"alignnone size-medium wp-image-1181\" src=\"http:\/\/www.nitsche-farben.de\/web\/wp-content\/uploads\/2016\/02\/leistungen-lacke.jpg\" alt=\"leistungen-lacke\" width=\"100%\" srcset=\"https:\/\/www.nitsche-farben.de\/web\/wp-content\/uploads\/2016\/02\/leistungen-lacke.jpg 800w, https:\/\/www.nitsche-farben.de\/web\/wp-content\/uploads\/2016\/02\/leistungen-lacke-300x113.jpg 300w, https:\/\/www.nitsche-farben.de\/web\/wp-content\/uploads\/2016\/02\/leistungen-lacke-768x288.jpg 768w, https:\/\/www.nitsche-farben.de\/web\/wp-content\/uploads\/2016\/02\/leistungen-lacke-500x188.jpg 500w\" sizes=\"(max-width: 800px) 100vw, 800px\" \/><\/p>\n<p>\u00c4hnlich wie bei den Dispersionen bietet unser Sortiment auch hier Produkte einer Reihe namhafter Hersteller. Sie finden alle notwendigen Anstrichmittel, um Oberfl\u00e4chen zu sch\u00fctzen und farbig zu gestalten. Auch hier ist es uns durch den Einsatz verschiedener Mischmaschinen m\u00f6glich, jeden Farbton zu t\u00f6nen, der Ihren W\u00fcnschen entspricht. Auch im Bereich Holzschutz sind wir mit einem breiten Sortiment an Lacken und Lasuren bestens aufgestellt.[\/vc_column_text][\/vc_tta_section][vc_tta_section title=&#8220;Bodenbeschichtungen&#8220; tab_id=&#8220;1455530289736-c29a4768-e567&#8243;][vc_column_text]Unser Sortiment umfasst eine Vielzahl an Bodenbeschichtungen. Passend f\u00fcr jeden Untergrund haben wir Grundierungen und Endbeschichtungen verschiedener Hersteller im Programm.[\/vc_column_text][\/vc_tta_section][vc_tta_section title=&#8220;Putze&#8220; tab_id=&#8220;1455530302352-4a1a39d6-1cb1&#8243;][vc_column_text]Ob Innen- oder Au\u00dfenputz, auch hier k\u00f6nnen wir auf Ihre W\u00fcnsche eingehen und haben verschiedene Putze als Eimer- oder Sackware im Sortiment. Fragen Sie unseren Verkauf.[\/vc_column_text][\/vc_tta_section][vc_tta_section title=&#8220;Grundierungen \/ Spachtelmassen \/ Kleber&#8220; tab_id=&#8220;1455530313291-74cd7645-26dd&#8220;][vc_column_text]Ob f\u00fcr Innen oder Au\u00dfen \u2013 in unserem Sortiment haben wir Produkte verschiedener Hersteller f\u00fcr jeden Einsatzort. Auch \u201espezielle\u201c F\u00e4lle k\u00f6nnen anhand der Produkte bearbeitet werden.[\/vc_column_text][\/vc_tta_section][vc_tta_section title=&#8220;Wandbel\u00e4ge&#8220; tab_id=&#8220;1455530337330-c4d584d0-7d0f&#8220;][vc_column_text]<img decoding=\"async\" class=\"alignnone size-full wp-image-1237\" src=\"http:\/\/www.nitsche-farben.de\/web\/wp-content\/uploads\/2016\/02\/tapeten.jpg\" alt=\"tapeten\" width=\"100%\" srcset=\"https:\/\/www.nitsche-farben.de\/web\/wp-content\/uploads\/2016\/02\/tapeten.jpg 800w, https:\/\/www.nitsche-farben.de\/web\/wp-content\/uploads\/2016\/02\/tapeten-300x113.jpg 300w, https:\/\/www.nitsche-farben.de\/web\/wp-content\/uploads\/2016\/02\/tapeten-768x288.jpg 768w, https:\/\/www.nitsche-farben.de\/web\/wp-content\/uploads\/2016\/02\/tapeten-500x188.jpg 500w\" sizes=\"(max-width: 800px) 100vw, 800px\" \/><\/p>\n<p>Wandbel\u00e4ge der unterschiedlichsten Art finden Sie in unserem umfangreichen, sehr sch\u00f6nen Kollektionsangebot. Viele aktuelle und modische Tapetendessins lagern ebenso wie viele praktische Rauhfaser- und Glasfasergewebemuster. Alles in bester Handwerkerqualit\u00e4t.<\/p>\n<p>Unsere Haupt-TAPETEN-Kollektionen:<\/p>\n<ul>\n<li>Aktuelle Volltreffer 2026<\/li>\n<li>Setta Brisant 2026<\/li>\n<li>Decor Vlies 2025<\/li>\n<li>Erfurt<\/li>\n<li>Leco Vlies- und Glasgewebe<\/li>\n<li>Meistervlies 2026<\/li>\n<li>Setta Gesammelte Werke<\/li>\n<li>Setta Trendvlies 2025<\/li>\n<li>Marburg 175 Jahre Jubil\u00e4um 2025<\/li>\n<li>und viele weitere Kollektionen namhafter Hersteller<\/li>\n<\/ul>\n<p>[\/vc_column_text][\/vc_tta_section][vc_tta_section title=&#8220;Bodenbel\u00e4ge&#8220; tab_id=&#8220;1455530359554-3fc1509d-1f85&#8243;][vc_column_text]<img decoding=\"async\" class=\"alignnone size-full wp-image-1180\" src=\"http:\/\/www.nitsche-farben.de\/web\/wp-content\/uploads\/2016\/02\/leistungen-boeden.jpg\" alt=\"leistungen-boeden\" width=\"100%\" srcset=\"https:\/\/www.nitsche-farben.de\/web\/wp-content\/uploads\/2016\/02\/leistungen-boeden.jpg 800w, https:\/\/www.nitsche-farben.de\/web\/wp-content\/uploads\/2016\/02\/leistungen-boeden-300x113.jpg 300w, https:\/\/www.nitsche-farben.de\/web\/wp-content\/uploads\/2016\/02\/leistungen-boeden-768x288.jpg 768w, https:\/\/www.nitsche-farben.de\/web\/wp-content\/uploads\/2016\/02\/leistungen-boeden-500x188.jpg 500w\" sizes=\"(max-width: 800px) 100vw, 800px\" \/><\/p>\n<p>Seit \u00fcber 30 Jahren kollektionieren wir Bodenbel\u00e4ge der verschiedensten Art erfolgreich zusammen mit unseren Kooperationspartnern innerhalb des deutschen Gro\u00dfhandels. Wir lagern eine gro\u00dfe Auswahl an Teppichb\u00f6den, Designbel\u00e4gen, CV-, PVC- und Nadelvliesbel\u00e4gen, Linoleum, Laminat und Fertigparkett, sowie alle notwendigen Zubeh\u00f6rartikel und Hilfsmittel, von der Fu\u00dfbodenspachtelmasse \u00fcber den geeigneten Kleber bis zur \u00dcbergangsschiene.<\/p>\n<p>Unsere Haus-TEPPICH-Kollektionen:<\/p>\n<ul>\n<li>Starter 8 (Laufzeit 2027)<\/li>\n<li>Selection 5 (Laufzeit 2026)<\/li>\n<li>und viele weitere Kollektionen namhafter Hersteller<\/li>\n<\/ul>\n<p>Unsere CV-Kollektionen:<\/p>\n<ul>\n<li>Sch\u00f6ne B\u00f6den 2029 (Laufzeit 2029)<\/li>\n<li>und viele weitere Kollektionen namhafter Hersteller<\/li>\n<\/ul>\n<p>Unsere Designbelagskollektionen:<\/p>\n<ul>\n<li>Terraline silber (Laufzeit 2028)<\/li>\n<li>Terraline gold (Laufzeit 2028)<\/li>\n<li>und viele weitere Kollektionen namhafter Hersteller<\/li>\n<\/ul>\n<p><img decoding=\"async\" class=\"alignnone size-full wp-image-1238\" src=\"http:\/\/www.nitsche-farben.de\/web\/wp-content\/uploads\/2016\/02\/teppiche.jpg\" alt=\"teppiche\" width=\"100%\" srcset=\"https:\/\/www.nitsche-farben.de\/web\/wp-content\/uploads\/2016\/02\/teppiche.jpg 800w, https:\/\/www.nitsche-farben.de\/web\/wp-content\/uploads\/2016\/02\/teppiche-300x113.jpg 300w, https:\/\/www.nitsche-farben.de\/web\/wp-content\/uploads\/2016\/02\/teppiche-768x288.jpg 768w, https:\/\/www.nitsche-farben.de\/web\/wp-content\/uploads\/2016\/02\/teppiche-500x188.jpg 500w\" sizes=\"(max-width: 800px) 100vw, 800px\" \/><\/p>\n<p><a href=\"https:\/\/www.nitsche-farben.de\/web\/wp-content\/uploads\/2025\/02\/Screenshot-2025-02-28-092844.png\"><img decoding=\"async\" loading=\"lazy\" class=\"alignnone size-medium wp-image-2882\" src=\"https:\/\/www.nitsche-farben.de\/web\/wp-content\/uploads\/2025\/02\/Screenshot-2025-02-28-092844-300x234.png\" alt=\"\" width=\"300\" height=\"234\" srcset=\"https:\/\/www.nitsche-farben.de\/web\/wp-content\/uploads\/2025\/02\/Screenshot-2025-02-28-092844-300x234.png 300w, https:\/\/www.nitsche-farben.de\/web\/wp-content\/uploads\/2025\/02\/Screenshot-2025-02-28-092844-500x389.png 500w, https:\/\/www.nitsche-farben.de\/web\/wp-content\/uploads\/2025\/02\/Screenshot-2025-02-28-092844-600x467.png 600w, https:\/\/www.nitsche-farben.de\/web\/wp-content\/uploads\/2025\/02\/Screenshot-2025-02-28-092844.png 758w\" sizes=\"(max-width: 300px) 100vw, 300px\" \/><\/a><\/p>\n<p>[\/vc_column_text][\/vc_tta_section][vc_tta_section title=&#8220;Werkzeuge\/Hilfsmittel&#8220; tab_id=&#8220;1455530378876-dbc05f44-d9b3&#8243;][vc_column_text]<img decoding=\"async\" class=\"alignnone size-full wp-image-1240\" src=\"http:\/\/www.nitsche-farben.de\/web\/wp-content\/uploads\/2016\/02\/werkzeuge.jpg\" alt=\"werkzeuge\" width=\"100%\" srcset=\"https:\/\/www.nitsche-farben.de\/web\/wp-content\/uploads\/2016\/02\/werkzeuge.jpg 800w, https:\/\/www.nitsche-farben.de\/web\/wp-content\/uploads\/2016\/02\/werkzeuge-300x113.jpg 300w, https:\/\/www.nitsche-farben.de\/web\/wp-content\/uploads\/2016\/02\/werkzeuge-768x288.jpg 768w, https:\/\/www.nitsche-farben.de\/web\/wp-content\/uploads\/2016\/02\/werkzeuge-500x188.jpg 500w\" sizes=\"(max-width: 800px) 100vw, 800px\" \/><\/p>\n<p>Egal ob Farbe auftragen, abdecken, abkleben, Untergr\u00fcnde bearbeiten, Tapeten und Bodenbel\u00e4ge verarbeiten, kleben, abdichten usw. &#8211; wir haben f\u00fcr den passenden Moment die richtige Arbeitshilfe. Auch Elektrowerkzeuge geh\u00f6ren zu unserem umfassenden Werkzeugsortiment.<\/p>\n<p><img decoding=\"async\" class=\"alignnone size-full wp-image-1241\" src=\"http:\/\/www.nitsche-farben.de\/web\/wp-content\/uploads\/2016\/02\/werkzeuge2.jpg\" alt=\"werkzeuge2\" width=\"100%\" srcset=\"https:\/\/www.nitsche-farben.de\/web\/wp-content\/uploads\/2016\/02\/werkzeuge2.jpg 800w, https:\/\/www.nitsche-farben.de\/web\/wp-content\/uploads\/2016\/02\/werkzeuge2-300x264.jpg 300w, https:\/\/www.nitsche-farben.de\/web\/wp-content\/uploads\/2016\/02\/werkzeuge2-768x677.jpg 768w, https:\/\/www.nitsche-farben.de\/web\/wp-content\/uploads\/2016\/02\/werkzeuge2-500x441.jpg 500w\" sizes=\"(max-width: 800px) 100vw, 800px\" \/>[\/vc_column_text][\/vc_tta_section][vc_tta_section title=&#8220;Technik \/ Reparaturservice&#8220; tab_id=&#8220;1455530396985-72fd646f-e3f3&#8243;][vc_column_text]Bei uns k\u00f6nnen Sie nicht nur Maschinen und Werkzeuge kaufen. In unserer Werkstatt mit gro\u00dfem Ersatzteillager reparieren und warten wir schnell und kompetent diese f\u00fcr Sie so wichtigen Hilfsmittel.[\/vc_column_text][\/vc_tta_section][vc_tta_section title=&#8220;Kleidung \/ Sicherheitsschuhe&#8220; tab_id=&#8220;1457014291727-f128d554-eba6&#8243;][vc_column_text]<a href=\"https:\/\/www.nitsche-farben.de\/web\/wp-content\/uploads\/2016\/02\/bekleidung.jpg\" rel=\"attachment wp-att-1158\"><img decoding=\"async\" loading=\"lazy\" class=\"alignnone wp-image-1158\" src=\"https:\/\/www.nitsche-farben.de\/web\/wp-content\/uploads\/2016\/02\/bekleidung.jpg\" alt=\"bekleidung\" width=\"643\" height=\"431\" \/><\/a><a href=\"https:\/\/www.nitsche-farben.de\/web\/wp-content\/uploads\/2016\/02\/bekleidung-e1457015959276.jpg\" rel=\"attachment wp-att-1158\"><img decoding=\"async\" loading=\"lazy\" class=\"wp-image-1158 alignnone\" src=\"https:\/\/www.nitsche-farben.de\/web\/wp-content\/uploads\/2016\/02\/bekleidung-e1457015959276.jpg\" alt=\"bekleidung\" width=\"644\" height=\"431\" \/><\/a><\/p>\n<p>Unser Sortiment bietet eine Vielzahl an Sicherheitsschuhen an. Passend dazu haben wir Arbeits,- und Schutzkleidung von verschiedenen Herstellern im Programm, egal ob f\u00fcr den Maler oder f\u00fcrs Handwerk.<\/p>\n<p>&nbsp;<\/p>\n<p>&nbsp;<\/p>\n<p>&nbsp;<\/p>\n<p>&nbsp;<\/p>\n<p>&nbsp;<\/p>\n<p>&nbsp;<\/p>\n<p>&nbsp;<\/p>\n<p>[\/vc_column_text][\/vc_tta_section][vc_tta_section title=&#8220;Schulungen \/ Seminare&#8220; tab_id=&#8220;1455530456963-bcbf1ed0-e93b&#8220;][vc_column_text]Wir wollen Sie unterst\u00fctzen beim Beratungsgespr\u00e4ch mit Ihrem Kunden oder bei der handwerklichen Ausf\u00fchrung Ihrer Arbeit. Regelm\u00e4\u00dfig informieren wir mit Hilfe der Industrie \u00fcber neue Produkte und deren Verarbeitung. Alte Maltechniken k\u00f6nnen Sie bei einer entsprechenden Schulung auffrischen, neueste technische Hilfsmittel kennenlernen. Hierzu haben wir geeignete Schulungsr\u00e4ume. Haben Sie Fragen zu bestimmten Produkten? Unsere Au\u00dfendienstmitarbeiter werden Ihre Anregungen zu Schulungsthemen gerne aufnehmen.[\/vc_column_text][\/vc_tta_section][\/vc_tta_accordion][\/vc_column]<\/div><\/div><\/section>\n","protected":false},"excerpt":{"rendered":"[vc_column][vc_tta_accordion active_section=\"1\"][vc_tta_section title=\"Dispersionsfarben\" tab_id=\"1455530246858-eb805825-ab74\"][vc_column_text] Unser Sortiment bietet \u00e4hnlich wie bei den Lacken\/Lasuren Produkte einer Reihe namhafter Hersteller. Exclusiv vertreiben wir Artikel der Marke \u201eeinzA\u201c in unseren Verkaufsgebieten. Sie finden alle notwendigen Anstrichmittel, um Oberfl\u00e4chen zu sch\u00fctzen und farbig zu gestalten, nat\u00fcrlich bei bester Beratung und Bedienung. Dank der verschiedenen Mischmaschinen ist es uns m\u00f6glich, jeden [...]","protected":false},"author":1,"featured_media":0,"parent":0,"menu_order":0,"comment_status":"closed","ping_status":"closed","template":"","meta":[],"yoast_head":"<!-- This site is optimized with the Yoast SEO plugin v19.14 - https:\/\/yoast.com\/wordpress\/plugins\/seo\/ -->\n<title>Sortiment &ndash; Nitsche Farben<\/title>\n<meta name=\"description\" content=\"Die Nitsche Farben GmbH ist ein Gro\u00dfhandelshaus f\u00fcr Farben, Lacke, Bodenbeschichtungen, Grundierungen, Spachtelmassen, Kleber, Bodenbel\u00e4ge und vieles mehr. Wie bieten Kataloge, Magazine und Downloads auf unserer Internetseite an. Informieren Sie sich \u00fcber unser Sortiment und Karriere-Chancen.\" \/>\n<meta name=\"robots\" content=\"index, follow, max-snippet:-1, max-image-preview:large, max-video-preview:-1\" \/>\n<link rel=\"canonical\" href=\"https:\/\/www.nitsche-farben.de\/web\/sortiment\/\" \/>\n<meta property=\"og:locale\" content=\"de_DE\" \/>\n<meta property=\"og:type\" content=\"article\" \/>\n<meta property=\"og:title\" content=\"Sortiment &ndash; Nitsche Farben\" \/>\n<meta property=\"og:description\" content=\"Die Nitsche Farben GmbH ist ein Gro\u00dfhandelshaus f\u00fcr Farben, Lacke, Bodenbeschichtungen, Grundierungen, Spachtelmassen, Kleber, Bodenbel\u00e4ge und vieles mehr. Wie bieten Kataloge, Magazine und Downloads auf unserer Internetseite an. Informieren Sie sich \u00fcber unser Sortiment und Karriere-Chancen.\" \/>\n<meta property=\"og:url\" content=\"https:\/\/www.nitsche-farben.de\/web\/sortiment\/\" \/>\n<meta property=\"og:site_name\" content=\"Nitsche Farben\" \/>\n<meta property=\"article:modified_time\" content=\"2025-09-29T12:37:52+00:00\" \/>\n<meta property=\"og:image\" content=\"http:\/\/www.nitsche-farben.de\/web\/wp-content\/uploads\/2016\/02\/dispersionen.jpg\" \/>\n<meta name=\"twitter:card\" content=\"summary_large_image\" \/>\n<meta name=\"twitter:label1\" content=\"Gesch\u00e4tzte Lesezeit\" \/>\n\t<meta name=\"twitter:data1\" content=\"6\u00a0Minuten\" \/>\n<script type=\"application\/ld+json\" class=\"yoast-schema-graph\">{\"@context\":\"https:\/\/schema.org\",\"@graph\":[{\"@type\":\"WebPage\",\"@id\":\"https:\/\/www.nitsche-farben.de\/web\/sortiment\/\",\"url\":\"https:\/\/www.nitsche-farben.de\/web\/sortiment\/\",\"name\":\"Sortiment &ndash; Nitsche Farben\",\"isPartOf\":{\"@id\":\"https:\/\/www.nitsche-farben.de\/web\/#website\"},\"datePublished\":\"2016-04-27T14:23:42+00:00\",\"dateModified\":\"2025-09-29T12:37:52+00:00\",\"description\":\"Die Nitsche Farben GmbH ist ein Gro\u00dfhandelshaus f\u00fcr Farben, Lacke, Bodenbeschichtungen, Grundierungen, Spachtelmassen, Kleber, Bodenbel\u00e4ge und vieles mehr. Wie bieten Kataloge, Magazine und Downloads auf unserer Internetseite an. Informieren Sie sich \u00fcber unser Sortiment und Karriere-Chancen.\",\"breadcrumb\":{\"@id\":\"https:\/\/www.nitsche-farben.de\/web\/sortiment\/#breadcrumb\"},\"inLanguage\":\"de\",\"potentialAction\":[{\"@type\":\"ReadAction\",\"target\":[\"https:\/\/www.nitsche-farben.de\/web\/sortiment\/\"]}]},{\"@type\":\"BreadcrumbList\",\"@id\":\"https:\/\/www.nitsche-farben.de\/web\/sortiment\/#breadcrumb\",\"itemListElement\":[{\"@type\":\"ListItem\",\"position\":1,\"name\":\"Home\",\"item\":\"https:\/\/www.nitsche-farben.de\/web\/\"},{\"@type\":\"ListItem\",\"position\":2,\"name\":\"Sortiment\"}]},{\"@type\":\"WebSite\",\"@id\":\"https:\/\/www.nitsche-farben.de\/web\/#website\",\"url\":\"https:\/\/www.nitsche-farben.de\/web\/\",\"name\":\"Nitsche Farben\",\"description\":\"Herzlich willkommen\",\"publisher\":{\"@id\":\"https:\/\/www.nitsche-farben.de\/web\/#organization\"},\"potentialAction\":[{\"@type\":\"SearchAction\",\"target\":{\"@type\":\"EntryPoint\",\"urlTemplate\":\"https:\/\/www.nitsche-farben.de\/web\/?s={search_term_string}\"},\"query-input\":\"required name=search_term_string\"}],\"inLanguage\":\"de\"},{\"@type\":\"Organization\",\"@id\":\"https:\/\/www.nitsche-farben.de\/web\/#organization\",\"name\":\"Nitsche Farben GmbH & Co. KG\",\"url\":\"https:\/\/www.nitsche-farben.de\/web\/\",\"logo\":{\"@type\":\"ImageObject\",\"inLanguage\":\"de\",\"@id\":\"https:\/\/www.nitsche-farben.de\/web\/#\/schema\/logo\/image\/\",\"url\":\"https:\/\/www.nitsche-farben.de\/web\/wp-content\/uploads\/2015\/12\/logo2.png\",\"contentUrl\":\"https:\/\/www.nitsche-farben.de\/web\/wp-content\/uploads\/2015\/12\/logo2.png\",\"width\":1000,\"height\":282,\"caption\":\"Nitsche Farben GmbH & Co. KG\"},\"image\":{\"@id\":\"https:\/\/www.nitsche-farben.de\/web\/#\/schema\/logo\/image\/\"}}]}<\/script>\n<!-- \/ Yoast SEO plugin. -->","yoast_head_json":{"title":"Sortiment &ndash; Nitsche Farben","description":"Die Nitsche Farben GmbH ist ein Gro\u00dfhandelshaus f\u00fcr Farben, Lacke, Bodenbeschichtungen, Grundierungen, Spachtelmassen, Kleber, Bodenbel\u00e4ge und vieles mehr. Wie bieten Kataloge, Magazine und Downloads auf unserer Internetseite an. Informieren Sie sich \u00fcber unser Sortiment und Karriere-Chancen.","robots":{"index":"index","follow":"follow","max-snippet":"max-snippet:-1","max-image-preview":"max-image-preview:large","max-video-preview":"max-video-preview:-1"},"canonical":"https:\/\/www.nitsche-farben.de\/web\/sortiment\/","og_locale":"de_DE","og_type":"article","og_title":"Sortiment &ndash; Nitsche Farben","og_description":"Die Nitsche Farben GmbH ist ein Gro\u00dfhandelshaus f\u00fcr Farben, Lacke, Bodenbeschichtungen, Grundierungen, Spachtelmassen, Kleber, Bodenbel\u00e4ge und vieles mehr. Wie bieten Kataloge, Magazine und Downloads auf unserer Internetseite an. Informieren Sie sich \u00fcber unser Sortiment und Karriere-Chancen.","og_url":"https:\/\/www.nitsche-farben.de\/web\/sortiment\/","og_site_name":"Nitsche Farben","article_modified_time":"2025-09-29T12:37:52+00:00","og_image":[{"url":"http:\/\/www.nitsche-farben.de\/web\/wp-content\/uploads\/2016\/02\/dispersionen.jpg"}],"twitter_card":"summary_large_image","twitter_misc":{"Gesch\u00e4tzte Lesezeit":"6\u00a0Minuten"},"schema":{"@context":"https:\/\/schema.org","@graph":[{"@type":"WebPage","@id":"https:\/\/www.nitsche-farben.de\/web\/sortiment\/","url":"https:\/\/www.nitsche-farben.de\/web\/sortiment\/","name":"Sortiment &ndash; Nitsche Farben","isPartOf":{"@id":"https:\/\/www.nitsche-farben.de\/web\/#website"},"datePublished":"2016-04-27T14:23:42+00:00","dateModified":"2025-09-29T12:37:52+00:00","description":"Die Nitsche Farben GmbH ist ein Gro\u00dfhandelshaus f\u00fcr Farben, Lacke, Bodenbeschichtungen, Grundierungen, Spachtelmassen, Kleber, Bodenbel\u00e4ge und vieles mehr. Wie bieten Kataloge, Magazine und Downloads auf unserer Internetseite an. Informieren Sie sich \u00fcber unser Sortiment und Karriere-Chancen.","breadcrumb":{"@id":"https:\/\/www.nitsche-farben.de\/web\/sortiment\/#breadcrumb"},"inLanguage":"de","potentialAction":[{"@type":"ReadAction","target":["https:\/\/www.nitsche-farben.de\/web\/sortiment\/"]}]},{"@type":"BreadcrumbList","@id":"https:\/\/www.nitsche-farben.de\/web\/sortiment\/#breadcrumb","itemListElement":[{"@type":"ListItem","position":1,"name":"Home","item":"https:\/\/www.nitsche-farben.de\/web\/"},{"@type":"ListItem","position":2,"name":"Sortiment"}]},{"@type":"WebSite","@id":"https:\/\/www.nitsche-farben.de\/web\/#website","url":"https:\/\/www.nitsche-farben.de\/web\/","name":"Nitsche Farben","description":"Herzlich willkommen","publisher":{"@id":"https:\/\/www.nitsche-farben.de\/web\/#organization"},"potentialAction":[{"@type":"SearchAction","target":{"@type":"EntryPoint","urlTemplate":"https:\/\/www.nitsche-farben.de\/web\/?s={search_term_string}"},"query-input":"required name=search_term_string"}],"inLanguage":"de"},{"@type":"Organization","@id":"https:\/\/www.nitsche-farben.de\/web\/#organization","name":"Nitsche Farben GmbH & Co. KG","url":"https:\/\/www.nitsche-farben.de\/web\/","logo":{"@type":"ImageObject","inLanguage":"de","@id":"https:\/\/www.nitsche-farben.de\/web\/#\/schema\/logo\/image\/","url":"https:\/\/www.nitsche-farben.de\/web\/wp-content\/uploads\/2015\/12\/logo2.png","contentUrl":"https:\/\/www.nitsche-farben.de\/web\/wp-content\/uploads\/2015\/12\/logo2.png","width":1000,"height":282,"caption":"Nitsche Farben GmbH & Co. KG"},"image":{"@id":"https:\/\/www.nitsche-farben.de\/web\/#\/schema\/logo\/image\/"}}]}},"_links":{"self":[{"href":"https:\/\/www.nitsche-farben.de\/web\/wp-json\/wp\/v2\/pages\/1323"}],"collection":[{"href":"https:\/\/www.nitsche-farben.de\/web\/wp-json\/wp\/v2\/pages"}],"about":[{"href":"https:\/\/www.nitsche-farben.de\/web\/wp-json\/wp\/v2\/types\/page"}],"author":[{"embeddable":true,"href":"https:\/\/www.nitsche-farben.de\/web\/wp-json\/wp\/v2\/users\/1"}],"replies":[{"embeddable":true,"href":"https:\/\/www.nitsche-farben.de\/web\/wp-json\/wp\/v2\/comments?post=1323"}],"version-history":[{"count":18,"href":"https:\/\/www.nitsche-farben.de\/web\/wp-json\/wp\/v2\/pages\/1323\/revisions"}],"predecessor-version":[{"id":2934,"href":"https:\/\/www.nitsche-farben.de\/web\/wp-json\/wp\/v2\/pages\/1323\/revisions\/2934"}],"wp:attachment":[{"href":"https:\/\/www.nitsche-farben.de\/web\/wp-json\/wp\/v2\/media?parent=1323"}],"curies":[{"name":"wp","href":"https:\/\/api.w.org\/{rel}","templated":true}]}}