{"id":1146,"date":"2016-02-18T14:27:49","date_gmt":"2016-02-18T13:27:49","guid":{"rendered":"http:\/\/www.nitsche-farben.de\/web\/?page_id=1146"},"modified":"2023-06-06T09:51:28","modified_gmt":"2023-06-06T07:51:28","slug":"standorte","status":"publish","type":"page","link":"https:\/\/www.nitsche-farben.de\/web\/standorte\/","title":{"rendered":"Standorte"},"content":{"rendered":"<section class=\"no-margin  \" style=\"background-position: 50% 50%; \" ><div class=\"container\"><div class=\"section-overlay\" style=\"background-color: rgba( 0, 0, 0,  );  background-image: url(  );\"><\/div><div class=\"row\" style=\"\">[vc_column width=&#8220;1\/2&#8243;][vc_custom_heading text=&#8220;Balve&#8220; google_fonts=&#8220;font_family:Hind%3A300%2Cregular%2C500%2C600%2C700|font_style:400%20regular%3A400%3Anormal&#8220;][vc_separator][vc_single_image image=&#8220;747&#8243; img_size=&#8220;full&#8220; css=&#8220;.vc_custom_1454157780145{margin-top: 0px !important;margin-right: 0px !important;margin-bottom: 0px !important;margin-left: 0px !important;border-top-width: 0px !important;border-right-width: 0px !important;border-bottom-width: 0px !important;border-left-width: 0px !important;padding-top: 0px !important;padding-right: 0px !important;padding-bottom: 10px !important;padding-left: 0px !important;}&#8220;][vc_column_text]<strong>NITSCHE Farben GmbH &amp; Co. KG<\/strong><br \/>\nHelle 9<br \/>\n58802 Balve<\/p>\n<p>Tel.: +49 23 75\u00a0 92 90 0<br \/>\nFax: +49 23 75 6 98<br \/>\n<a href=\"mailto:info@nitsche-farben.de\">E-Mail schreiben<\/a><\/p>\n<p><strong>\u00d6ffnungszeiten:<\/strong><br \/>\nMontag &#8211; Donnerstag: 07:30 Uhr &#8211; 17:00 Uhr<br \/>\nFreitag: 07:30 Uhr &#8211; 15:45 Uhr<br \/>\nEndverbraucher Mo. &#8211; Fr. ab 10:00 Uhr<\/p>\n<p><a href=\"http:\/\/www.balve.de\/\" target=\"_blank\" rel=\"noopener\">Stadt Balve<\/a>[\/vc_column_text][\/vc_column][vc_column width=&#8220;1\/2&#8243;][vc_custom_heading text=&#8220;Demitz-Thumitz&#8220; google_fonts=&#8220;font_family:Hind%3A300%2Cregular%2C500%2C600%2C700|font_style:400%20regular%3A400%3Anormal&#8220;][vc_separator][vc_single_image image=&#8220;1671&#8243; img_size=&#8220;full&#8220; css=&#8220;.vc_custom_1510242337362{margin-top: 0px !important;margin-right: 0px !important;margin-bottom: 0px !important;margin-left: 0px !important;border-top-width: 0px !important;border-right-width: 0px !important;border-bottom-width: 0px !important;border-left-width: 0px !important;padding-top: 0px !important;padding-right: 0px !important;padding-bottom: 10px !important;padding-left: 0px !important;}&#8220;][vc_column_text]<strong>NITSCHE Farben GmbH &amp; Co. KG<\/strong><br \/>\nAm Gewerbepark 4<br \/>\n01877 Demitz-Thumitz<\/p>\n<p>Tel.: +49 35 94 77 23 0<br \/>\nFax: +49 35 94 77 23 20<br \/>\n<a href=\"mailto:demitz-thumitz@nitsche-farben.de\">E-Mail schreiben<\/a><\/p>\n<p><strong>\u00d6ffnungszeiten:<\/strong><br \/>\nMontag &#8211; Donnerstag: 07:00 Uhr &#8211; 17:00 Uhr<br \/>\nFreitag: 07:00 Uhr &#8211; 15:45 Uhr<br \/>\nSamstag: 08:00 Uhr &#8211; 12.00 Uhr (Ostern &#8211; Oktober)<\/p>\n<p><a href=\"http:\/\/www.demitz-thumitz.de\/\" target=\"_blank\" rel=\"noopener\">Gemeinde Demitz-Thumitz<\/a>[\/vc_column_text][\/vc_column]<\/div><\/div><\/section><section class=\"no-margin  \" style=\"background-position: 50% 50%; \" ><div class=\"container\"><div class=\"section-overlay\" style=\"background-color: rgba( 0, 0, 0,  );  background-image: url(  );\"><\/div><div class=\"row\" style=\"\">[vc_column width=&#8220;1\/2&#8243;][vc_custom_heading text=&#8220;Cottbus&#8220; google_fonts=&#8220;font_family:Hind%3A300%2Cregular%2C500%2C600%2C700|font_style:400%20regular%3A400%3Anormal&#8220;][vc_separator][vc_single_image image=&#8220;901&#8243; img_size=&#8220;full&#8220; css=&#8220;.vc_custom_1454161109915{margin-top: 0px !important;margin-right: 0px !important;margin-bottom: 0px !important;margin-left: 0px !important;border-top-width: 0px !important;border-right-width: 0px !important;border-bottom-width: 0px !important;border-left-width: 0px !important;padding-top: 0px !important;padding-right: 0px !important;padding-bottom: 10px !important;padding-left: 0px !important;}&#8220;][vc_column_text]<strong>NITSCHE Farben GmbH &amp; Co. KG<\/strong><br \/>\nDrewitzer Stra\u00dfe 12<br \/>\n03042 Cottbus<\/p>\n<p>Tel.: +49 3 55 49 39 69 0<br \/>\nFax: +49 3 55 49 39 69 29<br \/>\n<a href=\"mailto:cottbus@nitsche-farben.de\">E-Mail schreiben<\/a><\/p>\n<p><strong>\u00d6ffnungszeiten:<\/strong><br \/>\nMontag &#8211; Donnerstag: 07:00 Uhr &#8211; 17:00 Uhr<br \/>\nFreitag: 07:00 Uhr &#8211; 15:45 Uhr<\/p>\n<p><a href=\"http:\/\/www.cottbus.de\/\" target=\"_blank\" rel=\"noopener\">Stadt Cottbus<\/a>[\/vc_column_text][\/vc_column][vc_column width=&#8220;1\/2&#8243;][\/vc_column]<\/div><\/div><\/section>\n","protected":false},"excerpt":{"rendered":"[vc_column width=\"1\/2\"][vc_custom_heading text=\"Balve\" google_fonts=\"font_family:Hind%3A300%2Cregular%2C500%2C600%2C700|font_style:400%20regular%3A400%3Anormal\"][vc_separator][vc_single_image image=\"747\" img_size=\"full\" css=\".vc_custom_1454157780145{margin-top: 0px !important;margin-right: 0px !important;margin-bottom: 0px !important;margin-left: 0px !important;border-top-width: 0px !important;border-right-width: 0px !important;border-bottom-width: 0px !important;border-left-width: 0px !important;padding-top: 0px !important;padding-right: 0px !important;padding-bottom: 10px !important;padding-left: 0px !important;}\"][vc_column_text]NITSCHE Farben GmbH &amp; Co. KG Helle 9 58802 Balve Tel.: +49 23 75\u00a0 92 90 0 Fax: +49 23 75 6 98 E-Mail schreiben [...]","protected":false},"author":1,"featured_media":0,"parent":0,"menu_order":0,"comment_status":"closed","ping_status":"closed","template":"","meta":[],"yoast_head":"<!-- This site is optimized with the Yoast SEO plugin v19.14 - https:\/\/yoast.com\/wordpress\/plugins\/seo\/ -->\n<title>Standorte &ndash; Nitsche Farben<\/title>\n<meta name=\"description\" content=\"Die Nitsche Farben GmbH ist ein Gro\u00dfhandelshaus f\u00fcr Farben, Lacke, Bodenbeschichtungen, Grundierungen, Spachtelmassen, Kleber, Bodenbel\u00e4ge und vieles mehr. Wie bieten Kataloge, Magazine und Downloads auf unserer Internetseite an. Informieren Sie sich \u00fcber unser Sortiment und Karriere-Chancen.\" \/>\n<meta name=\"robots\" content=\"index, follow, max-snippet:-1, max-image-preview:large, max-video-preview:-1\" \/>\n<link rel=\"canonical\" href=\"https:\/\/www.nitsche-farben.de\/web\/standorte\/\" \/>\n<meta property=\"og:locale\" content=\"de_DE\" \/>\n<meta property=\"og:type\" content=\"article\" \/>\n<meta property=\"og:title\" content=\"Standorte &ndash; Nitsche Farben\" \/>\n<meta property=\"og:description\" content=\"Die Nitsche Farben GmbH ist ein Gro\u00dfhandelshaus f\u00fcr Farben, Lacke, Bodenbeschichtungen, Grundierungen, Spachtelmassen, Kleber, Bodenbel\u00e4ge und vieles mehr. Wie bieten Kataloge, Magazine und Downloads auf unserer Internetseite an. Informieren Sie sich \u00fcber unser Sortiment und Karriere-Chancen.\" \/>\n<meta property=\"og:url\" content=\"https:\/\/www.nitsche-farben.de\/web\/standorte\/\" \/>\n<meta property=\"og:site_name\" content=\"Nitsche Farben\" \/>\n<meta property=\"article:modified_time\" content=\"2023-06-06T07:51:28+00:00\" \/>\n<meta name=\"twitter:card\" content=\"summary_large_image\" \/>\n<meta name=\"twitter:label1\" content=\"Gesch\u00e4tzte Lesezeit\" \/>\n\t<meta name=\"twitter:data1\" content=\"2\u00a0Minuten\" \/>\n<script type=\"application\/ld+json\" class=\"yoast-schema-graph\">{\"@context\":\"https:\/\/schema.org\",\"@graph\":[{\"@type\":\"WebPage\",\"@id\":\"https:\/\/www.nitsche-farben.de\/web\/standorte\/\",\"url\":\"https:\/\/www.nitsche-farben.de\/web\/standorte\/\",\"name\":\"Standorte &ndash; Nitsche Farben\",\"isPartOf\":{\"@id\":\"https:\/\/www.nitsche-farben.de\/web\/#website\"},\"datePublished\":\"2016-02-18T13:27:49+00:00\",\"dateModified\":\"2023-06-06T07:51:28+00:00\",\"description\":\"Die Nitsche Farben GmbH ist ein Gro\u00dfhandelshaus f\u00fcr Farben, Lacke, Bodenbeschichtungen, Grundierungen, Spachtelmassen, Kleber, Bodenbel\u00e4ge und vieles mehr. Wie bieten Kataloge, Magazine und Downloads auf unserer Internetseite an. Informieren Sie sich \u00fcber unser Sortiment und Karriere-Chancen.\",\"breadcrumb\":{\"@id\":\"https:\/\/www.nitsche-farben.de\/web\/standorte\/#breadcrumb\"},\"inLanguage\":\"de\",\"potentialAction\":[{\"@type\":\"ReadAction\",\"target\":[\"https:\/\/www.nitsche-farben.de\/web\/standorte\/\"]}]},{\"@type\":\"BreadcrumbList\",\"@id\":\"https:\/\/www.nitsche-farben.de\/web\/standorte\/#breadcrumb\",\"itemListElement\":[{\"@type\":\"ListItem\",\"position\":1,\"name\":\"Home\",\"item\":\"https:\/\/www.nitsche-farben.de\/web\/\"},{\"@type\":\"ListItem\",\"position\":2,\"name\":\"Standorte\"}]},{\"@type\":\"WebSite\",\"@id\":\"https:\/\/www.nitsche-farben.de\/web\/#website\",\"url\":\"https:\/\/www.nitsche-farben.de\/web\/\",\"name\":\"Nitsche Farben\",\"description\":\"Herzlich willkommen\",\"publisher\":{\"@id\":\"https:\/\/www.nitsche-farben.de\/web\/#organization\"},\"potentialAction\":[{\"@type\":\"SearchAction\",\"target\":{\"@type\":\"EntryPoint\",\"urlTemplate\":\"https:\/\/www.nitsche-farben.de\/web\/?s={search_term_string}\"},\"query-input\":\"required name=search_term_string\"}],\"inLanguage\":\"de\"},{\"@type\":\"Organization\",\"@id\":\"https:\/\/www.nitsche-farben.de\/web\/#organization\",\"name\":\"Nitsche Farben GmbH & Co. KG\",\"url\":\"https:\/\/www.nitsche-farben.de\/web\/\",\"logo\":{\"@type\":\"ImageObject\",\"inLanguage\":\"de\",\"@id\":\"https:\/\/www.nitsche-farben.de\/web\/#\/schema\/logo\/image\/\",\"url\":\"https:\/\/www.nitsche-farben.de\/web\/wp-content\/uploads\/2015\/12\/logo2.png\",\"contentUrl\":\"https:\/\/www.nitsche-farben.de\/web\/wp-content\/uploads\/2015\/12\/logo2.png\",\"width\":1000,\"height\":282,\"caption\":\"Nitsche Farben GmbH & Co. KG\"},\"image\":{\"@id\":\"https:\/\/www.nitsche-farben.de\/web\/#\/schema\/logo\/image\/\"}}]}<\/script>\n<!-- \/ Yoast SEO plugin. -->","yoast_head_json":{"title":"Standorte &ndash; Nitsche Farben","description":"Die Nitsche Farben GmbH ist ein Gro\u00dfhandelshaus f\u00fcr Farben, Lacke, Bodenbeschichtungen, Grundierungen, Spachtelmassen, Kleber, Bodenbel\u00e4ge und vieles mehr. Wie bieten Kataloge, Magazine und Downloads auf unserer Internetseite an. Informieren Sie sich \u00fcber unser Sortiment und Karriere-Chancen.","robots":{"index":"index","follow":"follow","max-snippet":"max-snippet:-1","max-image-preview":"max-image-preview:large","max-video-preview":"max-video-preview:-1"},"canonical":"https:\/\/www.nitsche-farben.de\/web\/standorte\/","og_locale":"de_DE","og_type":"article","og_title":"Standorte &ndash; Nitsche Farben","og_description":"Die Nitsche Farben GmbH ist ein Gro\u00dfhandelshaus f\u00fcr Farben, Lacke, Bodenbeschichtungen, Grundierungen, Spachtelmassen, Kleber, Bodenbel\u00e4ge und vieles mehr. Wie bieten Kataloge, Magazine und Downloads auf unserer Internetseite an. Informieren Sie sich \u00fcber unser Sortiment und Karriere-Chancen.","og_url":"https:\/\/www.nitsche-farben.de\/web\/standorte\/","og_site_name":"Nitsche Farben","article_modified_time":"2023-06-06T07:51:28+00:00","twitter_card":"summary_large_image","twitter_misc":{"Gesch\u00e4tzte Lesezeit":"2\u00a0Minuten"},"schema":{"@context":"https:\/\/schema.org","@graph":[{"@type":"WebPage","@id":"https:\/\/www.nitsche-farben.de\/web\/standorte\/","url":"https:\/\/www.nitsche-farben.de\/web\/standorte\/","name":"Standorte &ndash; Nitsche Farben","isPartOf":{"@id":"https:\/\/www.nitsche-farben.de\/web\/#website"},"datePublished":"2016-02-18T13:27:49+00:00","dateModified":"2023-06-06T07:51:28+00:00","description":"Die Nitsche Farben GmbH ist ein Gro\u00dfhandelshaus f\u00fcr Farben, Lacke, Bodenbeschichtungen, Grundierungen, Spachtelmassen, Kleber, Bodenbel\u00e4ge und vieles mehr. Wie bieten Kataloge, Magazine und Downloads auf unserer Internetseite an. Informieren Sie sich \u00fcber unser Sortiment und Karriere-Chancen.","breadcrumb":{"@id":"https:\/\/www.nitsche-farben.de\/web\/standorte\/#breadcrumb"},"inLanguage":"de","potentialAction":[{"@type":"ReadAction","target":["https:\/\/www.nitsche-farben.de\/web\/standorte\/"]}]},{"@type":"BreadcrumbList","@id":"https:\/\/www.nitsche-farben.de\/web\/standorte\/#breadcrumb","itemListElement":[{"@type":"ListItem","position":1,"name":"Home","item":"https:\/\/www.nitsche-farben.de\/web\/"},{"@type":"ListItem","position":2,"name":"Standorte"}]},{"@type":"WebSite","@id":"https:\/\/www.nitsche-farben.de\/web\/#website","url":"https:\/\/www.nitsche-farben.de\/web\/","name":"Nitsche Farben","description":"Herzlich willkommen","publisher":{"@id":"https:\/\/www.nitsche-farben.de\/web\/#organization"},"potentialAction":[{"@type":"SearchAction","target":{"@type":"EntryPoint","urlTemplate":"https:\/\/www.nitsche-farben.de\/web\/?s={search_term_string}"},"query-input":"required name=search_term_string"}],"inLanguage":"de"},{"@type":"Organization","@id":"https:\/\/www.nitsche-farben.de\/web\/#organization","name":"Nitsche Farben GmbH & Co. KG","url":"https:\/\/www.nitsche-farben.de\/web\/","logo":{"@type":"ImageObject","inLanguage":"de","@id":"https:\/\/www.nitsche-farben.de\/web\/#\/schema\/logo\/image\/","url":"https:\/\/www.nitsche-farben.de\/web\/wp-content\/uploads\/2015\/12\/logo2.png","contentUrl":"https:\/\/www.nitsche-farben.de\/web\/wp-content\/uploads\/2015\/12\/logo2.png","width":1000,"height":282,"caption":"Nitsche Farben GmbH & Co. KG"},"image":{"@id":"https:\/\/www.nitsche-farben.de\/web\/#\/schema\/logo\/image\/"}}]}},"_links":{"self":[{"href":"https:\/\/www.nitsche-farben.de\/web\/wp-json\/wp\/v2\/pages\/1146"}],"collection":[{"href":"https:\/\/www.nitsche-farben.de\/web\/wp-json\/wp\/v2\/pages"}],"about":[{"href":"https:\/\/www.nitsche-farben.de\/web\/wp-json\/wp\/v2\/types\/page"}],"author":[{"embeddable":true,"href":"https:\/\/www.nitsche-farben.de\/web\/wp-json\/wp\/v2\/users\/1"}],"replies":[{"embeddable":true,"href":"https:\/\/www.nitsche-farben.de\/web\/wp-json\/wp\/v2\/comments?post=1146"}],"version-history":[{"count":21,"href":"https:\/\/www.nitsche-farben.de\/web\/wp-json\/wp\/v2\/pages\/1146\/revisions"}],"predecessor-version":[{"id":2708,"href":"https:\/\/www.nitsche-farben.de\/web\/wp-json\/wp\/v2\/pages\/1146\/revisions\/2708"}],"wp:attachment":[{"href":"https:\/\/www.nitsche-farben.de\/web\/wp-json\/wp\/v2\/media?parent=1146"}],"curies":[{"name":"wp","href":"https:\/\/api.w.org\/{rel}","templated":true}]}}