{"id":1089,"date":"2016-02-17T09:50:31","date_gmt":"2016-02-17T08:50:31","guid":{"rendered":"http:\/\/www.nitsche-farben.de\/web\/?page_id=1089"},"modified":"2020-07-15T16:15:54","modified_gmt":"2020-07-15T14:15:54","slug":"impressum","status":"publish","type":"page","link":"https:\/\/www.nitsche-farben.de\/web\/impressum\/","title":{"rendered":"Impressum"},"content":{"rendered":"<section class=\"no-margin  \" style=\"background-position: 50% 50%; \" ><div class=\"container\"><div class=\"section-overlay\" style=\"background-color: rgba( 0, 0, 0,  );  background-image: url(  );\"><\/div><div class=\"row\" style=\"\">[vc_column][vc_column_text]<strong>NITSCHE Farben GmbH &amp; Co. KG<\/strong><br \/>\nHelle 9<br \/>\n58802 Balve<br \/>\nDeutschland<\/p>\n<p>Tel.: +49 23 75 92 90 0<br \/>\nFax: +49 23 75 6 98<br \/>\nE-Mail: <a href=\"mailto:info@nitsche-farben.de\">info@nitsche-farben.de<\/a><\/p>\n<p>Umsatzsteuer-ID: DE 28 07 02 409<br \/>\nAmtsgericht Arnsberg HRA 7258<\/p>\n<p><strong>Pers\u00f6nlich haftender Gesellschafter:<\/strong><br \/>\nNitsche Verwaltungs-GmbH<br \/>\nHelle 9<br \/>\n58802 Balve<\/p>\n<p>Amtsgericht Arnsberg HRB 9840<\/p>\n<p><strong>Gesch\u00e4ftsf\u00fchrer:<\/strong> Dieter Nitsche, 58802 Balve<\/p>\n<p>&nbsp;<\/p>\n<p><em><strong>1 . Haftungsbeschr\u00e4nkung<\/strong><\/em><br \/>\nDie Inhalte des Internetauftritts wurden mit gr\u00f6\u00dftm\u00f6glicher Sorgfalt und nach bestem Gewissen erstellt. Dennoch \u00fcbernimmt der Anbieter der Webseite keine Gew\u00e4hr f\u00fcr die Aktualit\u00e4t, Vollst\u00e4ndigkeit und Richtigkeit der bereitgestellten Seite und Inhalte.<br \/>\nAls Dienstanbieter ist der Anbieter dieser Webseite gem\u00e4\u00df \u00a7 7 Abs. 1 TMG f\u00fcr eigene Inhalte und bereitgestellte Informationen auf diesen Seiten nach den allgemeinen Gesetzen verantwortlich; nach den \u00a7\u00a7 8 bis 10 TMG jedoch nicht verpflichtet, die \u00fcbermittelten oder gespeicherten fremden Informationen zu \u00fcberwachen. Eine Entfernung oder Sperrung dieser Inhalte erfolgt umgehend ab dem Zeitpunkt der Kenntnis einer konkreten Rechtsverletzung. Eine Haftung ist erst ab dem Zeitpunkt der Kenntniserlangung m\u00f6glich.<\/p>\n<p><em><strong>2. Externe Links<\/strong><\/em><br \/>\nDie Webseite enth\u00e4lt sog. ,,externe Links\u201c (Verlinkungen) zu anderen Webseiten, auf deren Inhalt der Anbieter der Webseite keinen Einfluss hat. Aus diesem Grund kann der Anbieter f\u00fcr diese Inhalte auch keine Gew\u00e4hr \u00fcbernehmen.<br \/>\nF\u00fcr die Inhalte und Richtigkeit der bereitgestellten Informationen ist der jeweilige Anbieter der verlinkten Webseite verantwortlich. Zum Zeitpunkt der Verlinkung waren keine Rechtsverst\u00f6\u00dfe erkennbar. Bei Bekanntwerden einer solchen Rechtsverletzung wird der Link umgehend entfernt.<\/p>\n<p><em><strong>3. Urheberrecht\/Leistungsschutzrecht<\/strong><\/em><br \/>\nDie auf der Webseite ver\u00f6ffentlichten Inhalte, Werke und bereitgestellten Informationen unterliegen dem deutschen Urheberrecht und Leistungsschutzrecht. Jede Art der Vervielf\u00e4ltigung, Bearbeitung, Verbreitung, Einspeicherung und jede Art der Verwertung au\u00dferhalb der Grenzen des Urheberrechts bedarf der vorherigen schriftlichen Zustimmung des jeweiligen Rechteinhabers. Das unerlaubte Kopieren\/Speichern der bereitgestellten Informationen auf diesen Webseiten ist nicht gestattet und strafbar.<\/p>\n<p><em><strong>4. Datenschutz<\/strong><\/em><br \/>\nDurch den Besuch des Internetauftritts k\u00f6nnen Informationen (Datum, Uhrzeit, aufgerufene Seite) \u00fcber den Zugriff auf dem Server gespeichert werden. Es werden keine personenbezogenen (z.B. Name, Anschrift oder Email-Adresse) Daten, gespeichert.<br \/>\nSofern personenbezogene Daten erhoben werden, erfolgt dies, sofern m\u00f6glich, nur mit dem vorherigen Einverst\u00e4ndnis des Nutzers der Webseite. Eine Weitergabe der Daten an Dritte findet ohne ausdr\u00fcckliche Zustimmung des Nutzers nicht statt.<br \/>\nDer Anbieter weist darauf hin, dass die \u00dcbertragung von Daten im Internet (z.B. per E-Mail) Sicherheitsl\u00fccken aufweisen und ein l\u00fcckenloser Schutz der Daten vor dem Zugriff Dritter nicht gew\u00e4hrleistet werden kann. Der Anbieter \u00fcbernimmt keine Haftung f\u00fcr die durch solche Sicherheitsl\u00fccken entstandenen Sch\u00e4den.<br \/>\nDer Verwendung der Kontaktdaten durch Dritte zur gewerblichen Nutzung wird ausdr\u00fccklich widersprochen. Es sei denn, der Anbieter hat zuvor seine schriftliche Einwilligung erteilt.<br \/>\nDer Anbieter beh\u00e4lt sich rechtliche Schritte f\u00fcr den Fall der unverlangten Zusendung von Werbeinformationen, z.B durch Spam-Mails, vor.<\/p>\n<p><em><strong>5. Angaben zum Verbraucherstreitbeilegungsgesetz (VSBG)<\/strong><\/em><br \/>\nDie Nitsche Farben GmbH &amp; Co KG ist zwecks Streitigkeiten mit Verbrauchern zur Teilnahme an einem Streitbelegungsverfahren vor einer Verbraucherschlichtungsstelle bereit. Die zust\u00e4ndige Verbraucherschlichtungsstelle ist:<\/p>\n<p>Allgemeine Verbraucherschlichtungsstelle des Zentrums f\u00fcr Schlichtung e.V.<br \/>\nStra\u00dfburger Stra\u00dfe 8<br \/>\n77694 Kehl am Rhein<br \/>\n<a href=\"http:\/\/www.verbraucher-schlichter.de\/\" target=\"_blank\" rel=\"noopener\">www.verbraucher-schlichter.de<\/a><\/p>\n<p>Zur Beilegung der genannten Streitigkeiten werden wir in einem Streitbeilegungsverfahren vor dieser Stelle teilnehmen.[\/vc_column_text][\/vc_column]<\/div><\/div><\/section>\n","protected":false},"excerpt":{"rendered":"[vc_column][vc_column_text]NITSCHE Farben GmbH &amp; Co. KG Helle 9 58802 Balve Deutschland Tel.: +49 23 75 92 90 0 Fax: +49 23 75 6 98 E-Mail: info@nitsche-farben.de Umsatzsteuer-ID: DE 28 07 02 409 Amtsgericht Arnsberg HRA 7258 Pers\u00f6nlich haftender Gesellschafter: Nitsche Verwaltungs-GmbH Helle 9 58802 Balve Amtsgericht Arnsberg HRB 9840 Gesch\u00e4ftsf\u00fchrer: Dieter Nitsche, 58802 Balve &nbsp; [...]","protected":false},"author":1,"featured_media":0,"parent":0,"menu_order":0,"comment_status":"closed","ping_status":"closed","template":"","meta":[],"yoast_head":"<!-- This site is optimized with the Yoast SEO plugin v19.14 - https:\/\/yoast.com\/wordpress\/plugins\/seo\/ -->\n<title>Impressum &ndash; Nitsche Farben<\/title>\n<meta name=\"description\" content=\"Die Nitsche Farben GmbH ist ein Gro\u00dfhandelshaus f\u00fcr Farben, Lacke, Bodenbeschichtungen, Grundierungen, Spachtelmassen, Kleber, Bodenbel\u00e4ge und vieles mehr. Wie bieten Kataloge, Magazine und Downloads auf unserer Internetseite an. Informieren Sie sich \u00fcber unser Sortiment und Karriere-Chancen.\" \/>\n<meta name=\"robots\" content=\"index, follow, max-snippet:-1, max-image-preview:large, max-video-preview:-1\" \/>\n<link rel=\"canonical\" href=\"https:\/\/www.nitsche-farben.de\/web\/impressum\/\" \/>\n<meta property=\"og:locale\" content=\"de_DE\" \/>\n<meta property=\"og:type\" content=\"article\" \/>\n<meta property=\"og:title\" content=\"Impressum &ndash; Nitsche Farben\" \/>\n<meta property=\"og:description\" content=\"Die Nitsche Farben GmbH ist ein Gro\u00dfhandelshaus f\u00fcr Farben, Lacke, Bodenbeschichtungen, Grundierungen, Spachtelmassen, Kleber, Bodenbel\u00e4ge und vieles mehr. Wie bieten Kataloge, Magazine und Downloads auf unserer Internetseite an. Informieren Sie sich \u00fcber unser Sortiment und Karriere-Chancen.\" \/>\n<meta property=\"og:url\" content=\"https:\/\/www.nitsche-farben.de\/web\/impressum\/\" \/>\n<meta property=\"og:site_name\" content=\"Nitsche Farben\" \/>\n<meta property=\"article:modified_time\" content=\"2020-07-15T14:15:54+00:00\" \/>\n<meta name=\"twitter:card\" content=\"summary_large_image\" \/>\n<meta name=\"twitter:label1\" content=\"Gesch\u00e4tzte Lesezeit\" \/>\n\t<meta name=\"twitter:data1\" content=\"3\u00a0Minuten\" \/>\n<script type=\"application\/ld+json\" class=\"yoast-schema-graph\">{\"@context\":\"https:\/\/schema.org\",\"@graph\":[{\"@type\":\"WebPage\",\"@id\":\"https:\/\/www.nitsche-farben.de\/web\/impressum\/\",\"url\":\"https:\/\/www.nitsche-farben.de\/web\/impressum\/\",\"name\":\"Impressum &ndash; Nitsche Farben\",\"isPartOf\":{\"@id\":\"https:\/\/www.nitsche-farben.de\/web\/#website\"},\"datePublished\":\"2016-02-17T08:50:31+00:00\",\"dateModified\":\"2020-07-15T14:15:54+00:00\",\"description\":\"Die Nitsche Farben GmbH ist ein Gro\u00dfhandelshaus f\u00fcr Farben, Lacke, Bodenbeschichtungen, Grundierungen, Spachtelmassen, Kleber, Bodenbel\u00e4ge und vieles mehr. Wie bieten Kataloge, Magazine und Downloads auf unserer Internetseite an. Informieren Sie sich \u00fcber unser Sortiment und Karriere-Chancen.\",\"breadcrumb\":{\"@id\":\"https:\/\/www.nitsche-farben.de\/web\/impressum\/#breadcrumb\"},\"inLanguage\":\"de\",\"potentialAction\":[{\"@type\":\"ReadAction\",\"target\":[\"https:\/\/www.nitsche-farben.de\/web\/impressum\/\"]}]},{\"@type\":\"BreadcrumbList\",\"@id\":\"https:\/\/www.nitsche-farben.de\/web\/impressum\/#breadcrumb\",\"itemListElement\":[{\"@type\":\"ListItem\",\"position\":1,\"name\":\"Home\",\"item\":\"https:\/\/www.nitsche-farben.de\/web\/\"},{\"@type\":\"ListItem\",\"position\":2,\"name\":\"Impressum\"}]},{\"@type\":\"WebSite\",\"@id\":\"https:\/\/www.nitsche-farben.de\/web\/#website\",\"url\":\"https:\/\/www.nitsche-farben.de\/web\/\",\"name\":\"Nitsche Farben\",\"description\":\"Herzlich willkommen\",\"publisher\":{\"@id\":\"https:\/\/www.nitsche-farben.de\/web\/#organization\"},\"potentialAction\":[{\"@type\":\"SearchAction\",\"target\":{\"@type\":\"EntryPoint\",\"urlTemplate\":\"https:\/\/www.nitsche-farben.de\/web\/?s={search_term_string}\"},\"query-input\":\"required name=search_term_string\"}],\"inLanguage\":\"de\"},{\"@type\":\"Organization\",\"@id\":\"https:\/\/www.nitsche-farben.de\/web\/#organization\",\"name\":\"Nitsche Farben GmbH & Co. KG\",\"url\":\"https:\/\/www.nitsche-farben.de\/web\/\",\"logo\":{\"@type\":\"ImageObject\",\"inLanguage\":\"de\",\"@id\":\"https:\/\/www.nitsche-farben.de\/web\/#\/schema\/logo\/image\/\",\"url\":\"https:\/\/www.nitsche-farben.de\/web\/wp-content\/uploads\/2015\/12\/logo2.png\",\"contentUrl\":\"https:\/\/www.nitsche-farben.de\/web\/wp-content\/uploads\/2015\/12\/logo2.png\",\"width\":1000,\"height\":282,\"caption\":\"Nitsche Farben GmbH & Co. KG\"},\"image\":{\"@id\":\"https:\/\/www.nitsche-farben.de\/web\/#\/schema\/logo\/image\/\"}}]}<\/script>\n<!-- \/ Yoast SEO plugin. -->","yoast_head_json":{"title":"Impressum &ndash; Nitsche Farben","description":"Die Nitsche Farben GmbH ist ein Gro\u00dfhandelshaus f\u00fcr Farben, Lacke, Bodenbeschichtungen, Grundierungen, Spachtelmassen, Kleber, Bodenbel\u00e4ge und vieles mehr. Wie bieten Kataloge, Magazine und Downloads auf unserer Internetseite an. Informieren Sie sich \u00fcber unser Sortiment und Karriere-Chancen.","robots":{"index":"index","follow":"follow","max-snippet":"max-snippet:-1","max-image-preview":"max-image-preview:large","max-video-preview":"max-video-preview:-1"},"canonical":"https:\/\/www.nitsche-farben.de\/web\/impressum\/","og_locale":"de_DE","og_type":"article","og_title":"Impressum &ndash; Nitsche Farben","og_description":"Die Nitsche Farben GmbH ist ein Gro\u00dfhandelshaus f\u00fcr Farben, Lacke, Bodenbeschichtungen, Grundierungen, Spachtelmassen, Kleber, Bodenbel\u00e4ge und vieles mehr. Wie bieten Kataloge, Magazine und Downloads auf unserer Internetseite an. Informieren Sie sich \u00fcber unser Sortiment und Karriere-Chancen.","og_url":"https:\/\/www.nitsche-farben.de\/web\/impressum\/","og_site_name":"Nitsche Farben","article_modified_time":"2020-07-15T14:15:54+00:00","twitter_card":"summary_large_image","twitter_misc":{"Gesch\u00e4tzte Lesezeit":"3\u00a0Minuten"},"schema":{"@context":"https:\/\/schema.org","@graph":[{"@type":"WebPage","@id":"https:\/\/www.nitsche-farben.de\/web\/impressum\/","url":"https:\/\/www.nitsche-farben.de\/web\/impressum\/","name":"Impressum &ndash; Nitsche Farben","isPartOf":{"@id":"https:\/\/www.nitsche-farben.de\/web\/#website"},"datePublished":"2016-02-17T08:50:31+00:00","dateModified":"2020-07-15T14:15:54+00:00","description":"Die Nitsche Farben GmbH ist ein Gro\u00dfhandelshaus f\u00fcr Farben, Lacke, Bodenbeschichtungen, Grundierungen, Spachtelmassen, Kleber, Bodenbel\u00e4ge und vieles mehr. Wie bieten Kataloge, Magazine und Downloads auf unserer Internetseite an. Informieren Sie sich \u00fcber unser Sortiment und Karriere-Chancen.","breadcrumb":{"@id":"https:\/\/www.nitsche-farben.de\/web\/impressum\/#breadcrumb"},"inLanguage":"de","potentialAction":[{"@type":"ReadAction","target":["https:\/\/www.nitsche-farben.de\/web\/impressum\/"]}]},{"@type":"BreadcrumbList","@id":"https:\/\/www.nitsche-farben.de\/web\/impressum\/#breadcrumb","itemListElement":[{"@type":"ListItem","position":1,"name":"Home","item":"https:\/\/www.nitsche-farben.de\/web\/"},{"@type":"ListItem","position":2,"name":"Impressum"}]},{"@type":"WebSite","@id":"https:\/\/www.nitsche-farben.de\/web\/#website","url":"https:\/\/www.nitsche-farben.de\/web\/","name":"Nitsche Farben","description":"Herzlich willkommen","publisher":{"@id":"https:\/\/www.nitsche-farben.de\/web\/#organization"},"potentialAction":[{"@type":"SearchAction","target":{"@type":"EntryPoint","urlTemplate":"https:\/\/www.nitsche-farben.de\/web\/?s={search_term_string}"},"query-input":"required name=search_term_string"}],"inLanguage":"de"},{"@type":"Organization","@id":"https:\/\/www.nitsche-farben.de\/web\/#organization","name":"Nitsche Farben GmbH & Co. KG","url":"https:\/\/www.nitsche-farben.de\/web\/","logo":{"@type":"ImageObject","inLanguage":"de","@id":"https:\/\/www.nitsche-farben.de\/web\/#\/schema\/logo\/image\/","url":"https:\/\/www.nitsche-farben.de\/web\/wp-content\/uploads\/2015\/12\/logo2.png","contentUrl":"https:\/\/www.nitsche-farben.de\/web\/wp-content\/uploads\/2015\/12\/logo2.png","width":1000,"height":282,"caption":"Nitsche Farben GmbH & Co. KG"},"image":{"@id":"https:\/\/www.nitsche-farben.de\/web\/#\/schema\/logo\/image\/"}}]}},"_links":{"self":[{"href":"https:\/\/www.nitsche-farben.de\/web\/wp-json\/wp\/v2\/pages\/1089"}],"collection":[{"href":"https:\/\/www.nitsche-farben.de\/web\/wp-json\/wp\/v2\/pages"}],"about":[{"href":"https:\/\/www.nitsche-farben.de\/web\/wp-json\/wp\/v2\/types\/page"}],"author":[{"embeddable":true,"href":"https:\/\/www.nitsche-farben.de\/web\/wp-json\/wp\/v2\/users\/1"}],"replies":[{"embeddable":true,"href":"https:\/\/www.nitsche-farben.de\/web\/wp-json\/wp\/v2\/comments?post=1089"}],"version-history":[{"count":8,"href":"https:\/\/www.nitsche-farben.de\/web\/wp-json\/wp\/v2\/pages\/1089\/revisions"}],"predecessor-version":[{"id":1799,"href":"https:\/\/www.nitsche-farben.de\/web\/wp-json\/wp\/v2\/pages\/1089\/revisions\/1799"}],"wp:attachment":[{"href":"https:\/\/www.nitsche-farben.de\/web\/wp-json\/wp\/v2\/media?parent=1089"}],"curies":[{"name":"wp","href":"https:\/\/api.w.org\/{rel}","templated":true}]}}